{"id":2449,"date":"2024-01-09T16:46:18","date_gmt":"2024-01-09T16:46:18","guid":{"rendered":"https:\/\/quebecvelotaxi.com\/?page_id=2449"},"modified":"2024-10-06T21:58:14","modified_gmt":"2024-10-06T21:58:14","slug":"elementor-2449","status":"publish","type":"page","link":"https:\/\/quebecvelotaxi.com\/?page_id=2449","title":{"rendered":"TOURS C"},"content":{"rendered":"\t\t<div data-elementor-type=\"wp-page\" data-elementor-id=\"2449\" class=\"elementor elementor-2449\">\n\t\t\t\t\t\t<section class=\"elementor-section elementor-top-section elementor-element elementor-element-a030311 elementor-section-boxed elementor-section-height-default elementor-section-height-default\" data-id=\"a030311\" data-element_type=\"section\" data-e-type=\"section\">\n\t\t\t\t\t\t<div class=\"elementor-container elementor-column-gap-default\">\n\t\t\t\t\t<div class=\"elementor-column elementor-col-100 elementor-top-column elementor-element elementor-element-72c2f0f\" data-id=\"72c2f0f\" data-element_type=\"column\" data-e-type=\"column\">\n\t\t\t<div class=\"elementor-widget-wrap elementor-element-populated\">\n\t\t\t\t\t\t<div class=\"elementor-element elementor-element-dc485c2 elementor-widget elementor-widget-text-editor\" data-id=\"dc485c2\" data-element_type=\"widget\" data-e-type=\"widget\" data-widget_type=\"text-editor.default\">\n\t\t\t\t<div class=\"elementor-widget-container\">\n\t\t\t\t\t\t\t\t\t<h1 style=\"text-align: center;\">Les Tours C<\/h1>\t\t\t\t\t\t\t\t<\/div>\n\t\t\t\t<\/div>\n\t\t\t\t\t<\/div>\n\t\t<\/div>\n\t\t\t\t\t<\/div>\n\t\t<\/section>\n\t\t\t\t<section class=\"elementor-section elementor-top-section elementor-element elementor-element-9d9a81d elementor-section-boxed elementor-section-height-default elementor-section-height-default\" data-id=\"9d9a81d\" data-element_type=\"section\" data-e-type=\"section\">\n\t\t\t\t\t\t<div class=\"elementor-container elementor-column-gap-default\">\n\t\t\t\t\t<div class=\"elementor-column elementor-col-100 elementor-top-column elementor-element elementor-element-8af7d6c\" data-id=\"8af7d6c\" data-element_type=\"column\" data-e-type=\"column\">\n\t\t\t<div class=\"elementor-widget-wrap elementor-element-populated\">\n\t\t\t\t\t\t<div class=\"elementor-element elementor-element-75eb796 elementor-widget elementor-widget-heading\" data-id=\"75eb796\" data-element_type=\"widget\" data-e-type=\"widget\" data-widget_type=\"heading.default\">\n\t\t\t\t<div class=\"elementor-widget-container\">\n\t\t\t\t\t<h1 class=\"elementor-heading-title elementor-size-default\">Tour C 1<\/h1>\t\t\t\t<\/div>\n\t\t\t\t<\/div>\n\t\t\t\t<div class=\"elementor-element elementor-element-66c3199 elementor-widget elementor-widget-text-editor\" data-id=\"66c3199\" data-element_type=\"widget\" data-e-type=\"widget\" data-widget_type=\"text-editor.default\">\n\t\t\t\t<div class=\"elementor-widget-container\">\n\t\t\t\t\t\t\t\t\t<h1 style=\"text-align: center;\">Parcours Gourmand<\/h1>\t\t\t\t\t\t\t\t<\/div>\n\t\t\t\t<\/div>\n\t\t\t\t\t<\/div>\n\t\t<\/div>\n\t\t\t\t\t<\/div>\n\t\t<\/section>\n\t\t\t\t<section class=\"elementor-section elementor-top-section elementor-element elementor-element-386f798 elementor-section-boxed elementor-section-height-default elementor-section-height-default\" data-id=\"386f798\" data-element_type=\"section\" data-e-type=\"section\">\n\t\t\t\t\t\t<div class=\"elementor-container elementor-column-gap-default\">\n\t\t\t\t\t<div class=\"elementor-column elementor-col-50 elementor-top-column elementor-element elementor-element-6561111\" data-id=\"6561111\" data-element_type=\"column\" data-e-type=\"column\">\n\t\t\t<div class=\"elementor-widget-wrap elementor-element-populated\">\n\t\t\t\t\t\t<div class=\"elementor-element elementor-element-df62635 elementor-widget elementor-widget-image\" data-id=\"df62635\" data-element_type=\"widget\" data-e-type=\"widget\" data-widget_type=\"image.default\">\n\t\t\t\t<div class=\"elementor-widget-container\">\n\t\t\t\t\t\t\t\t\t\t\t\t\t\t\t<img fetchpriority=\"high\" decoding=\"async\" width=\"800\" height=\"600\" src=\"https:\/\/quebecvelotaxi.com\/wp-content\/uploads\/2024\/01\/3-Expo-Cite-Grand-Marche-de-Quebec-1024x768.jpg\" class=\"attachment-large size-large wp-image-3997\" alt=\"\" srcset=\"https:\/\/quebecvelotaxi.com\/wp-content\/uploads\/2024\/01\/3-Expo-Cite-Grand-Marche-de-Quebec-1024x768.jpg 1024w, https:\/\/quebecvelotaxi.com\/wp-content\/uploads\/2024\/01\/3-Expo-Cite-Grand-Marche-de-Quebec-300x225.jpg 300w, https:\/\/quebecvelotaxi.com\/wp-content\/uploads\/2024\/01\/3-Expo-Cite-Grand-Marche-de-Quebec-768x576.jpg 768w, https:\/\/quebecvelotaxi.com\/wp-content\/uploads\/2024\/01\/3-Expo-Cite-Grand-Marche-de-Quebec.jpg 1080w\" sizes=\"(max-width: 800px) 100vw, 800px\" \/>\t\t\t\t\t\t\t\t\t\t\t\t\t\t\t<\/div>\n\t\t\t\t<\/div>\n\t\t\t\t\t<\/div>\n\t\t<\/div>\n\t\t\t\t<div class=\"elementor-column elementor-col-50 elementor-top-column elementor-element elementor-element-eb5b16d\" data-id=\"eb5b16d\" data-element_type=\"column\" data-e-type=\"column\">\n\t\t\t<div class=\"elementor-widget-wrap elementor-element-populated\">\n\t\t\t\t\t\t<div class=\"elementor-element elementor-element-7d9f1a1 elementor-widget elementor-widget-text-editor\" data-id=\"7d9f1a1\" data-element_type=\"widget\" data-e-type=\"widget\" data-widget_type=\"text-editor.default\">\n\t\t\t\t<div class=\"elementor-widget-container\">\n\t\t\t\t\t\t\t\t\t<h5 class=\"western\">Outre les beaut\u00e9s architecturales des Quartiers que l&#8217;on traversent, d\u00e9couvrez ce qui fait la notori\u00e9t\u00e9 de la r\u00e9gion de Qu\u00e9bec et de ses alentours\u00a0: les produits du terroir.<\/h5><h5 class=\"western\">Pendant un arr\u00eat de quarante-cinq minutes au march\u00e9, le guide-cycliste vous invite \u00e0 rencontrer les marchands et \u00e0 explorer ses richesses.<\/h5><h5 class=\"western\">Sirop d\u2019\u00e9rable, alcools savoureux, friandises locales ou fromages qu\u00e9b\u00e9cois r\u00e9put\u00e9s, tout y est, vous n\u2019avez qu\u2019\u00e0 faire vos choix!<\/h5>\t\t\t\t\t\t\t\t<\/div>\n\t\t\t\t<\/div>\n\t\t\t\t\t<\/div>\n\t\t<\/div>\n\t\t\t\t\t<\/div>\n\t\t<\/section>\n\t\t\t\t<section class=\"elementor-section elementor-top-section elementor-element elementor-element-e4c9bd6 elementor-section-boxed elementor-section-height-default elementor-section-height-default\" data-id=\"e4c9bd6\" data-element_type=\"section\" data-e-type=\"section\">\n\t\t\t\t\t\t<div class=\"elementor-container elementor-column-gap-default\">\n\t\t\t\t\t<div class=\"elementor-column elementor-col-100 elementor-top-column elementor-element elementor-element-9c46040\" data-id=\"9c46040\" data-element_type=\"column\" data-e-type=\"column\">\n\t\t\t<div class=\"elementor-widget-wrap elementor-element-populated\">\n\t\t\t\t\t\t<div class=\"elementor-element elementor-element-0791392 elementor-align-right elementor-widget elementor-widget-button\" data-id=\"0791392\" data-element_type=\"widget\" data-e-type=\"widget\" data-widget_type=\"button.default\">\n\t\t\t\t<div class=\"elementor-widget-container\">\n\t\t\t\t\t\t\t\t\t<div class=\"elementor-button-wrapper\">\n\t\t\t\t\t<a class=\"elementor-button elementor-button-link elementor-size-sm\" href=\"https:\/\/quebecvelotaxi.com\/?page_id=3458\">\n\t\t\t\t\t\t<span class=\"elementor-button-content-wrapper\">\n\t\t\t\t\t\t\t\t\t<span class=\"elementor-button-text\">R\u00e9servez maintenant<\/span>\n\t\t\t\t\t<\/span>\n\t\t\t\t\t<\/a>\n\t\t\t\t<\/div>\n\t\t\t\t\t\t\t\t<\/div>\n\t\t\t\t<\/div>\n\t\t\t\t\t<\/div>\n\t\t<\/div>\n\t\t\t\t\t<\/div>\n\t\t<\/section>\n\t\t\t\t<section class=\"elementor-section elementor-top-section elementor-element elementor-element-53c45ac elementor-section-boxed elementor-section-height-default elementor-section-height-default\" data-id=\"53c45ac\" data-element_type=\"section\" data-e-type=\"section\">\n\t\t\t\t\t\t<div class=\"elementor-container elementor-column-gap-default\">\n\t\t\t\t\t<div class=\"elementor-column elementor-col-100 elementor-top-column elementor-element elementor-element-8763d53\" data-id=\"8763d53\" data-element_type=\"column\" data-e-type=\"column\">\n\t\t\t<div class=\"elementor-widget-wrap elementor-element-populated\">\n\t\t\t\t\t\t<div class=\"elementor-element elementor-element-457f4c2 elementor-widget elementor-widget-heading\" data-id=\"457f4c2\" data-element_type=\"widget\" data-e-type=\"widget\" data-widget_type=\"heading.default\">\n\t\t\t\t<div class=\"elementor-widget-container\">\n\t\t\t\t\t<h1 class=\"elementor-heading-title elementor-size-default\">Tour C 2<\/h1>\t\t\t\t<\/div>\n\t\t\t\t<\/div>\n\t\t\t\t<div class=\"elementor-element elementor-element-d6612fb elementor-widget elementor-widget-text-editor\" data-id=\"d6612fb\" data-element_type=\"widget\" data-e-type=\"widget\" data-widget_type=\"text-editor.default\">\n\t\t\t\t<div class=\"elementor-widget-container\">\n\t\t\t\t\t\t\t\t\t<h1 style=\"text-align: center;\">Trois faubourgs<\/h1>\t\t\t\t\t\t\t\t<\/div>\n\t\t\t\t<\/div>\n\t\t\t\t\t<\/div>\n\t\t<\/div>\n\t\t\t\t\t<\/div>\n\t\t<\/section>\n\t\t\t\t<section class=\"elementor-section elementor-top-section elementor-element elementor-element-b86d19e elementor-section-boxed elementor-section-height-default elementor-section-height-default\" data-id=\"b86d19e\" data-element_type=\"section\" data-e-type=\"section\">\n\t\t\t\t\t\t<div class=\"elementor-container elementor-column-gap-default\">\n\t\t\t\t\t<div class=\"elementor-column elementor-col-50 elementor-top-column elementor-element elementor-element-1d6180c\" data-id=\"1d6180c\" data-element_type=\"column\" data-e-type=\"column\">\n\t\t\t<div class=\"elementor-widget-wrap elementor-element-populated\">\n\t\t\t\t\t\t<div class=\"elementor-element elementor-element-759a1aa elementor-widget elementor-widget-image\" data-id=\"759a1aa\" data-element_type=\"widget\" data-e-type=\"widget\" data-widget_type=\"image.default\">\n\t\t\t\t<div class=\"elementor-widget-container\">\n\t\t\t\t\t\t\t\t\t\t\t\t\t\t\t<img decoding=\"async\" width=\"800\" height=\"600\" src=\"https:\/\/quebecvelotaxi.com\/wp-content\/uploads\/2024\/01\/2-Ville-de-Quebec-maison-douvriers-1024x768.jpg\" class=\"attachment-large size-large wp-image-4001\" alt=\"\" srcset=\"https:\/\/quebecvelotaxi.com\/wp-content\/uploads\/2024\/01\/2-Ville-de-Quebec-maison-douvriers-1024x768.jpg 1024w, https:\/\/quebecvelotaxi.com\/wp-content\/uploads\/2024\/01\/2-Ville-de-Quebec-maison-douvriers-300x225.jpg 300w, https:\/\/quebecvelotaxi.com\/wp-content\/uploads\/2024\/01\/2-Ville-de-Quebec-maison-douvriers-768x576.jpg 768w, https:\/\/quebecvelotaxi.com\/wp-content\/uploads\/2024\/01\/2-Ville-de-Quebec-maison-douvriers.jpg 1080w\" sizes=\"(max-width: 800px) 100vw, 800px\" \/>\t\t\t\t\t\t\t\t\t\t\t\t\t\t\t<\/div>\n\t\t\t\t<\/div>\n\t\t\t\t\t<\/div>\n\t\t<\/div>\n\t\t\t\t<div class=\"elementor-column elementor-col-50 elementor-top-column elementor-element elementor-element-be27072\" data-id=\"be27072\" data-element_type=\"column\" data-e-type=\"column\">\n\t\t\t<div class=\"elementor-widget-wrap elementor-element-populated\">\n\t\t\t\t\t\t<div class=\"elementor-element elementor-element-f225cab elementor-widget elementor-widget-text-editor\" data-id=\"f225cab\" data-element_type=\"widget\" data-e-type=\"widget\" data-widget_type=\"text-editor.default\">\n\t\t\t\t<div class=\"elementor-widget-container\">\n\t\t\t\t\t\t\t\t\t<h4 style=\"text-align: center;\">Place Royale<\/h4><h4 style=\"text-align: center;\">rue du Sault-au-Matelot<\/h4><h4 style=\"text-align: center;\">Place des canotiers<\/h4><h4 style=\"text-align: center;\">Port de Qu\u00e9bec<\/h4><h4 style=\"text-align: center;\">Place de la Gare et palais de l&#8217;Intendant<\/h4><h4 style=\"text-align: center;\">Place de la FAO<\/h4><h4 style=\"text-align: center;\">Batterie Royale<\/h4><h4 style=\"text-align: center;\">\u00a0<\/h4>\t\t\t\t\t\t\t\t<\/div>\n\t\t\t\t<\/div>\n\t\t\t\t\t<\/div>\n\t\t<\/div>\n\t\t\t\t\t<\/div>\n\t\t<\/section>\n\t\t\t\t<section class=\"elementor-section elementor-top-section elementor-element elementor-element-3be69e5 elementor-section-boxed elementor-section-height-default elementor-section-height-default\" data-id=\"3be69e5\" data-element_type=\"section\" data-e-type=\"section\">\n\t\t\t\t\t\t<div class=\"elementor-container elementor-column-gap-default\">\n\t\t\t\t\t<div class=\"elementor-column elementor-col-100 elementor-top-column elementor-element elementor-element-9f29ec7\" data-id=\"9f29ec7\" data-element_type=\"column\" data-e-type=\"column\">\n\t\t\t<div class=\"elementor-widget-wrap elementor-element-populated\">\n\t\t\t\t\t\t<div class=\"elementor-element elementor-element-30d1b2d elementor-align-right elementor-widget elementor-widget-button\" data-id=\"30d1b2d\" data-element_type=\"widget\" data-e-type=\"widget\" data-widget_type=\"button.default\">\n\t\t\t\t<div class=\"elementor-widget-container\">\n\t\t\t\t\t\t\t\t\t<div class=\"elementor-button-wrapper\">\n\t\t\t\t\t<a class=\"elementor-button elementor-button-link elementor-size-sm\" href=\"https:\/\/quebecvelotaxi.com\/?page_id=3458\">\n\t\t\t\t\t\t<span class=\"elementor-button-content-wrapper\">\n\t\t\t\t\t\t\t\t\t<span class=\"elementor-button-text\">R\u00e9servez maintenant<\/span>\n\t\t\t\t\t<\/span>\n\t\t\t\t\t<\/a>\n\t\t\t\t<\/div>\n\t\t\t\t\t\t\t\t<\/div>\n\t\t\t\t<\/div>\n\t\t\t\t\t<\/div>\n\t\t<\/div>\n\t\t\t\t\t<\/div>\n\t\t<\/section>\n\t\t\t\t<\/div>\n\t\t","protected":false},"excerpt":{"rendered":"<p>Les Tours C Tour C 1 Parcours Gourmand Outre les beaut\u00e9s architecturales des Quartiers que l&#8217;on traversent, d\u00e9couvrez ce qui fait la notori\u00e9t\u00e9 de la r\u00e9gion de Qu\u00e9bec et de ses alentours\u00a0: les produits du terroir. Pendant un arr\u00eat de quarante-cinq minutes au march\u00e9, le guide-cycliste vous invite \u00e0 rencontrer les marchands et \u00e0 explorer [&hellip;]<\/p>\n","protected":false},"author":1,"featured_media":0,"parent":0,"menu_order":0,"comment_status":"closed","ping_status":"closed","template":"","meta":{"footnotes":""},"class_list":["post-2449","page","type-page","status-publish","hentry"],"yoast_head":"<!-- This site is optimized with the Yoast SEO plugin v27.5 - https:\/\/yoast.com\/product\/yoast-seo-wordpress\/ -->\n<title>TOURS C - Quebec V\u00e9lo-Taxi<\/title>\n<meta name=\"robots\" content=\"index, follow, max-snippet:-1, max-image-preview:large, max-video-preview:-1\" \/>\n<link rel=\"canonical\" href=\"https:\/\/quebecvelotaxi.com\/?page_id=2449\" \/>\n<meta property=\"og:locale\" content=\"en_US\" \/>\n<meta property=\"og:type\" content=\"article\" \/>\n<meta property=\"og:title\" content=\"TOURS C - Quebec V\u00e9lo-Taxi\" \/>\n<meta property=\"og:description\" content=\"Les Tours C Tour C 1 Parcours Gourmand Outre les beaut\u00e9s architecturales des Quartiers que l&#8217;on traversent, d\u00e9couvrez ce qui fait la notori\u00e9t\u00e9 de la r\u00e9gion de Qu\u00e9bec et de ses alentours\u00a0: les produits du terroir. Pendant un arr\u00eat de quarante-cinq minutes au march\u00e9, le guide-cycliste vous invite \u00e0 rencontrer les marchands et \u00e0 explorer [&hellip;]\" \/>\n<meta property=\"og:url\" content=\"https:\/\/quebecvelotaxi.com\/?page_id=2449\" \/>\n<meta property=\"og:site_name\" content=\"Quebec V\u00e9lo-Taxi\" \/>\n<meta property=\"article:publisher\" content=\"https:\/\/www.facebook.com\/QVTaxi\" \/>\n<meta property=\"article:modified_time\" content=\"2024-10-06T21:58:14+00:00\" \/>\n<meta property=\"og:image\" content=\"https:\/\/quebecvelotaxi.com\/wp-content\/uploads\/2024\/01\/3-Expo-Cite-Grand-Marche-de-Quebec-1024x768.jpg\" \/>\n<meta name=\"twitter:card\" content=\"summary_large_image\" \/>\n<meta name=\"twitter:site\" content=\"@qvtaxi\" \/>\n<meta name=\"twitter:label1\" content=\"Est. reading time\" \/>\n\t<meta name=\"twitter:data1\" content=\"1 minute\" \/>\n<script type=\"application\/ld+json\" class=\"yoast-schema-graph\">{\"@context\":\"https:\\\/\\\/schema.org\",\"@graph\":[{\"@type\":\"WebPage\",\"@id\":\"https:\\\/\\\/quebecvelotaxi.com\\\/?page_id=2449\",\"url\":\"https:\\\/\\\/quebecvelotaxi.com\\\/?page_id=2449\",\"name\":\"TOURS C - Quebec V\u00e9lo-Taxi\",\"isPartOf\":{\"@id\":\"https:\\\/\\\/quebecvelotaxi.com\\\/#website\"},\"primaryImageOfPage\":{\"@id\":\"https:\\\/\\\/quebecvelotaxi.com\\\/?page_id=2449#primaryimage\"},\"image\":{\"@id\":\"https:\\\/\\\/quebecvelotaxi.com\\\/?page_id=2449#primaryimage\"},\"thumbnailUrl\":\"https:\\\/\\\/quebecvelotaxi.com\\\/wp-content\\\/uploads\\\/2024\\\/01\\\/3-Expo-Cite-Grand-Marche-de-Quebec-1024x768.jpg\",\"datePublished\":\"2024-01-09T16:46:18+00:00\",\"dateModified\":\"2024-10-06T21:58:14+00:00\",\"breadcrumb\":{\"@id\":\"https:\\\/\\\/quebecvelotaxi.com\\\/?page_id=2449#breadcrumb\"},\"inLanguage\":\"en-US\",\"potentialAction\":[{\"@type\":\"ReadAction\",\"target\":[\"https:\\\/\\\/quebecvelotaxi.com\\\/?page_id=2449\"]}]},{\"@type\":\"ImageObject\",\"inLanguage\":\"en-US\",\"@id\":\"https:\\\/\\\/quebecvelotaxi.com\\\/?page_id=2449#primaryimage\",\"url\":\"https:\\\/\\\/quebecvelotaxi.com\\\/wp-content\\\/uploads\\\/2024\\\/01\\\/3-Expo-Cite-Grand-Marche-de-Quebec.jpg\",\"contentUrl\":\"https:\\\/\\\/quebecvelotaxi.com\\\/wp-content\\\/uploads\\\/2024\\\/01\\\/3-Expo-Cite-Grand-Marche-de-Quebec.jpg\",\"width\":1080,\"height\":810},{\"@type\":\"BreadcrumbList\",\"@id\":\"https:\\\/\\\/quebecvelotaxi.com\\\/?page_id=2449#breadcrumb\",\"itemListElement\":[{\"@type\":\"ListItem\",\"position\":1,\"name\":\"Home\",\"item\":\"https:\\\/\\\/quebecvelotaxi.com\\\/\"},{\"@type\":\"ListItem\",\"position\":2,\"name\":\"TOURS C\"}]},{\"@type\":\"WebSite\",\"@id\":\"https:\\\/\\\/quebecvelotaxi.com\\\/#website\",\"url\":\"https:\\\/\\\/quebecvelotaxi.com\\\/\",\"name\":\"Quebec V\u00e9lo-Taxi\",\"description\":\"D\u00e9couvrez les myst\u00e8res de la Basse-Ville de Qu\u00e9bec\",\"publisher\":{\"@id\":\"https:\\\/\\\/quebecvelotaxi.com\\\/#organization\"},\"potentialAction\":[{\"@type\":\"SearchAction\",\"target\":{\"@type\":\"EntryPoint\",\"urlTemplate\":\"https:\\\/\\\/quebecvelotaxi.com\\\/?s={search_term_string}\"},\"query-input\":{\"@type\":\"PropertyValueSpecification\",\"valueRequired\":true,\"valueName\":\"search_term_string\"}}],\"inLanguage\":\"en-US\"},{\"@type\":\"Organization\",\"@id\":\"https:\\\/\\\/quebecvelotaxi.com\\\/#organization\",\"name\":\"Quebec V\u00e9lo-Taxi\",\"url\":\"https:\\\/\\\/quebecvelotaxi.com\\\/\",\"logo\":{\"@type\":\"ImageObject\",\"inLanguage\":\"en-US\",\"@id\":\"https:\\\/\\\/quebecvelotaxi.com\\\/#\\\/schema\\\/logo\\\/image\\\/\",\"url\":\"https:\\\/\\\/quebecvelotaxi.com\\\/wp-content\\\/uploads\\\/2024\\\/02\\\/1-Quebec-Velo-Taxi-version-finale.jpg\",\"contentUrl\":\"https:\\\/\\\/quebecvelotaxi.com\\\/wp-content\\\/uploads\\\/2024\\\/02\\\/1-Quebec-Velo-Taxi-version-finale.jpg\",\"width\":1265,\"height\":1265,\"caption\":\"Quebec V\u00e9lo-Taxi\"},\"image\":{\"@id\":\"https:\\\/\\\/quebecvelotaxi.com\\\/#\\\/schema\\\/logo\\\/image\\\/\"},\"sameAs\":[\"https:\\\/\\\/www.facebook.com\\\/QVTaxi\",\"https:\\\/\\\/x.com\\\/qvtaxi\",\"https:\\\/\\\/www.linkedin.com\\\/in\\\/gilbert-garcia-a1b1714a\\\/\"]}]}<\/script>\n<!-- \/ Yoast SEO plugin. -->","yoast_head_json":{"title":"TOURS C - Quebec V\u00e9lo-Taxi","robots":{"index":"index","follow":"follow","max-snippet":"max-snippet:-1","max-image-preview":"max-image-preview:large","max-video-preview":"max-video-preview:-1"},"canonical":"https:\/\/quebecvelotaxi.com\/?page_id=2449","og_locale":"en_US","og_type":"article","og_title":"TOURS C - Quebec V\u00e9lo-Taxi","og_description":"Les Tours C Tour C 1 Parcours Gourmand Outre les beaut\u00e9s architecturales des Quartiers que l&#8217;on traversent, d\u00e9couvrez ce qui fait la notori\u00e9t\u00e9 de la r\u00e9gion de Qu\u00e9bec et de ses alentours\u00a0: les produits du terroir. Pendant un arr\u00eat de quarante-cinq minutes au march\u00e9, le guide-cycliste vous invite \u00e0 rencontrer les marchands et \u00e0 explorer [&hellip;]","og_url":"https:\/\/quebecvelotaxi.com\/?page_id=2449","og_site_name":"Quebec V\u00e9lo-Taxi","article_publisher":"https:\/\/www.facebook.com\/QVTaxi","article_modified_time":"2024-10-06T21:58:14+00:00","og_image":[{"url":"https:\/\/quebecvelotaxi.com\/wp-content\/uploads\/2024\/01\/3-Expo-Cite-Grand-Marche-de-Quebec-1024x768.jpg","type":"","width":"","height":""}],"twitter_card":"summary_large_image","twitter_site":"@qvtaxi","twitter_misc":{"Est. reading time":"1 minute"},"schema":{"@context":"https:\/\/schema.org","@graph":[{"@type":"WebPage","@id":"https:\/\/quebecvelotaxi.com\/?page_id=2449","url":"https:\/\/quebecvelotaxi.com\/?page_id=2449","name":"TOURS C - Quebec V\u00e9lo-Taxi","isPartOf":{"@id":"https:\/\/quebecvelotaxi.com\/#website"},"primaryImageOfPage":{"@id":"https:\/\/quebecvelotaxi.com\/?page_id=2449#primaryimage"},"image":{"@id":"https:\/\/quebecvelotaxi.com\/?page_id=2449#primaryimage"},"thumbnailUrl":"https:\/\/quebecvelotaxi.com\/wp-content\/uploads\/2024\/01\/3-Expo-Cite-Grand-Marche-de-Quebec-1024x768.jpg","datePublished":"2024-01-09T16:46:18+00:00","dateModified":"2024-10-06T21:58:14+00:00","breadcrumb":{"@id":"https:\/\/quebecvelotaxi.com\/?page_id=2449#breadcrumb"},"inLanguage":"en-US","potentialAction":[{"@type":"ReadAction","target":["https:\/\/quebecvelotaxi.com\/?page_id=2449"]}]},{"@type":"ImageObject","inLanguage":"en-US","@id":"https:\/\/quebecvelotaxi.com\/?page_id=2449#primaryimage","url":"https:\/\/quebecvelotaxi.com\/wp-content\/uploads\/2024\/01\/3-Expo-Cite-Grand-Marche-de-Quebec.jpg","contentUrl":"https:\/\/quebecvelotaxi.com\/wp-content\/uploads\/2024\/01\/3-Expo-Cite-Grand-Marche-de-Quebec.jpg","width":1080,"height":810},{"@type":"BreadcrumbList","@id":"https:\/\/quebecvelotaxi.com\/?page_id=2449#breadcrumb","itemListElement":[{"@type":"ListItem","position":1,"name":"Home","item":"https:\/\/quebecvelotaxi.com\/"},{"@type":"ListItem","position":2,"name":"TOURS C"}]},{"@type":"WebSite","@id":"https:\/\/quebecvelotaxi.com\/#website","url":"https:\/\/quebecvelotaxi.com\/","name":"Quebec V\u00e9lo-Taxi","description":"D\u00e9couvrez les myst\u00e8res de la Basse-Ville de Qu\u00e9bec","publisher":{"@id":"https:\/\/quebecvelotaxi.com\/#organization"},"potentialAction":[{"@type":"SearchAction","target":{"@type":"EntryPoint","urlTemplate":"https:\/\/quebecvelotaxi.com\/?s={search_term_string}"},"query-input":{"@type":"PropertyValueSpecification","valueRequired":true,"valueName":"search_term_string"}}],"inLanguage":"en-US"},{"@type":"Organization","@id":"https:\/\/quebecvelotaxi.com\/#organization","name":"Quebec V\u00e9lo-Taxi","url":"https:\/\/quebecvelotaxi.com\/","logo":{"@type":"ImageObject","inLanguage":"en-US","@id":"https:\/\/quebecvelotaxi.com\/#\/schema\/logo\/image\/","url":"https:\/\/quebecvelotaxi.com\/wp-content\/uploads\/2024\/02\/1-Quebec-Velo-Taxi-version-finale.jpg","contentUrl":"https:\/\/quebecvelotaxi.com\/wp-content\/uploads\/2024\/02\/1-Quebec-Velo-Taxi-version-finale.jpg","width":1265,"height":1265,"caption":"Quebec V\u00e9lo-Taxi"},"image":{"@id":"https:\/\/quebecvelotaxi.com\/#\/schema\/logo\/image\/"},"sameAs":["https:\/\/www.facebook.com\/QVTaxi","https:\/\/x.com\/qvtaxi","https:\/\/www.linkedin.com\/in\/gilbert-garcia-a1b1714a\/"]}]}},"_links":{"self":[{"href":"https:\/\/quebecvelotaxi.com\/index.php?rest_route=\/wp\/v2\/pages\/2449","targetHints":{"allow":["GET"]}}],"collection":[{"href":"https:\/\/quebecvelotaxi.com\/index.php?rest_route=\/wp\/v2\/pages"}],"about":[{"href":"https:\/\/quebecvelotaxi.com\/index.php?rest_route=\/wp\/v2\/types\/page"}],"author":[{"embeddable":true,"href":"https:\/\/quebecvelotaxi.com\/index.php?rest_route=\/wp\/v2\/users\/1"}],"replies":[{"embeddable":true,"href":"https:\/\/quebecvelotaxi.com\/index.php?rest_route=%2Fwp%2Fv2%2Fcomments&post=2449"}],"version-history":[{"count":56,"href":"https:\/\/quebecvelotaxi.com\/index.php?rest_route=\/wp\/v2\/pages\/2449\/revisions"}],"predecessor-version":[{"id":5045,"href":"https:\/\/quebecvelotaxi.com\/index.php?rest_route=\/wp\/v2\/pages\/2449\/revisions\/5045"}],"wp:attachment":[{"href":"https:\/\/quebecvelotaxi.com\/index.php?rest_route=%2Fwp%2Fv2%2Fmedia&parent=2449"}],"curies":[{"name":"wp","href":"https:\/\/api.w.org\/{rel}","templated":true}]}}