{"id":3671,"date":"2024-01-25T17:14:57","date_gmt":"2024-01-25T17:14:57","guid":{"rendered":"https:\/\/quebecvelotaxi.com\/?page_id=3671"},"modified":"2024-05-28T00:00:38","modified_gmt":"2024-05-28T00:00:38","slug":"affichages","status":"publish","type":"page","link":"https:\/\/quebecvelotaxi.com\/?page_id=3671","title":{"rendered":"Affichages"},"content":{"rendered":"\t\t<div data-elementor-type=\"wp-page\" data-elementor-id=\"3671\" class=\"elementor elementor-3671\">\n\t\t\t\t\t\t<section class=\"elementor-section elementor-top-section elementor-element elementor-element-2e31bdf0 elementor-section-boxed elementor-section-height-default elementor-section-height-default\" data-id=\"2e31bdf0\" data-element_type=\"section\" data-e-type=\"section\">\n\t\t\t\t\t\t<div class=\"elementor-container elementor-column-gap-default\">\n\t\t\t\t\t<div class=\"elementor-column elementor-col-100 elementor-top-column elementor-element elementor-element-5c577a5d\" data-id=\"5c577a5d\" data-element_type=\"column\" data-e-type=\"column\">\n\t\t\t<div class=\"elementor-widget-wrap elementor-element-populated\">\n\t\t\t\t\t\t<div class=\"elementor-element elementor-element-429080dd elementor-widget elementor-widget-heading\" data-id=\"429080dd\" data-element_type=\"widget\" data-e-type=\"widget\" data-widget_type=\"heading.default\">\n\t\t\t\t<div class=\"elementor-widget-container\">\n\t\t\t\t\t<h2 class=\"elementor-heading-title elementor-size-default\">AFFICHAGES<\/h2>\t\t\t\t<\/div>\n\t\t\t\t<\/div>\n\t\t\t\t\t<\/div>\n\t\t<\/div>\n\t\t\t\t\t<\/div>\n\t\t<\/section>\n\t\t\t\t<section class=\"elementor-section elementor-top-section elementor-element elementor-element-4d7679ba elementor-section-boxed elementor-section-height-default elementor-section-height-default\" data-id=\"4d7679ba\" data-element_type=\"section\" data-e-type=\"section\">\n\t\t\t\t\t\t<div class=\"elementor-container elementor-column-gap-default\">\n\t\t\t\t\t<div class=\"elementor-column elementor-col-33 elementor-top-column elementor-element elementor-element-fb12f99\" data-id=\"fb12f99\" data-element_type=\"column\" data-e-type=\"column\">\n\t\t\t<div class=\"elementor-widget-wrap elementor-element-populated\">\n\t\t\t\t\t\t<div class=\"elementor-element elementor-element-35101eab elementor-widget elementor-widget-text-editor\" data-id=\"35101eab\" data-element_type=\"widget\" data-e-type=\"widget\" data-widget_type=\"text-editor.default\">\n\t\t\t\t<div class=\"elementor-widget-container\">\n\t\t\t\t\t\t\t\t\t<p class=\"western\">Notre service d\u2019affichage, vous permet de faire la promotion de votre entreprise, de vos commanditaires ou de votre \u00e9v\u00e9nement pour quelques jours, une semaine ou encore quelques mois. Pour ce faire, nous vous offrons trois types d\u2019affichage, qui install\u00e9s sur la carrosserie de nos cyclo-pousses, vous assurent une visibilit\u00e9 exceptionnelle, l\u00e0 o\u00f9 \u00e7a compte !<\/p><p class=\"western\">Notre affichage r\u00e9gulier totalise une superficie de 1 876 pouces carr\u00e9s par cyclo-pousse. Que ce soit \u00e0 l\u2019avant, sur les c\u00f4t\u00e9s et \u00e0 l\u2019arri\u00e8re cela vous permet de diversifi\u00e9s le message sur un m\u00eame cyclo-pousse.<\/p><p class=\"western\">Le wrap, permet d\u2019englober les c\u00f4t\u00e9s et l\u2019arri\u00e8re d\u2019une seule pi\u00e8ce, ce qui offre \u00e0 un commanditaire de personnaliser son message et d\u2019avoir un impact visuel qui lui est unique.<\/p><p class=\"western\">Vous cherchez vraiment \u00e0 vous d\u00e9marquer, renseignez vous sur les concepts disponibles en 2D ou 3D. Faites ressortir votre message et cr\u00e9er un Wow! qui fera de vous le sujet de conversation en ville ou pour votre \u00e9v\u00e9nement.<\/p>\t\t\t\t\t\t\t\t<\/div>\n\t\t\t\t<\/div>\n\t\t\t\t\t<\/div>\n\t\t<\/div>\n\t\t\t\t<div class=\"elementor-column elementor-col-66 elementor-top-column elementor-element elementor-element-1548310c\" data-id=\"1548310c\" data-element_type=\"column\" data-e-type=\"column\">\n\t\t\t<div class=\"elementor-widget-wrap elementor-element-populated\">\n\t\t\t\t\t\t<section class=\"elementor-section elementor-inner-section elementor-element elementor-element-44888326 elementor-section-boxed elementor-section-height-default elementor-section-height-default\" data-id=\"44888326\" data-element_type=\"section\" data-e-type=\"section\">\n\t\t\t\t\t\t<div class=\"elementor-container elementor-column-gap-default\">\n\t\t\t\t\t<div class=\"elementor-column elementor-col-100 elementor-inner-column elementor-element elementor-element-78e59627\" data-id=\"78e59627\" data-element_type=\"column\" data-e-type=\"column\">\n\t\t\t<div class=\"elementor-widget-wrap elementor-element-populated\">\n\t\t\t\t\t\t<div class=\"elementor-element elementor-element-6f6bc518 elementor-widget elementor-widget-image\" data-id=\"6f6bc518\" data-element_type=\"widget\" data-e-type=\"widget\" data-widget_type=\"image.default\">\n\t\t\t\t<div class=\"elementor-widget-container\">\n\t\t\t\t\t\t\t\t\t\t\t\t\t\t\t<img fetchpriority=\"high\" decoding=\"async\" width=\"720\" height=\"960\" src=\"https:\/\/quebecvelotaxi.com\/wp-content\/uploads\/2024\/01\/Maison-Smith-2.jpg\" class=\"attachment-large size-large wp-image-4041\" alt=\"\" srcset=\"https:\/\/quebecvelotaxi.com\/wp-content\/uploads\/2024\/01\/Maison-Smith-2.jpg 720w, https:\/\/quebecvelotaxi.com\/wp-content\/uploads\/2024\/01\/Maison-Smith-2-225x300.jpg 225w\" sizes=\"(max-width: 720px) 100vw, 720px\" \/>\t\t\t\t\t\t\t\t\t\t\t\t\t\t\t<\/div>\n\t\t\t\t<\/div>\n\t\t\t\t\t<\/div>\n\t\t<\/div>\n\t\t\t\t\t<\/div>\n\t\t<\/section>\n\t\t\t\t\t<\/div>\n\t\t<\/div>\n\t\t\t\t\t<\/div>\n\t\t<\/section>\n\t\t\t\t<section class=\"elementor-section elementor-top-section elementor-element elementor-element-69cfc86b elementor-section-boxed elementor-section-height-default elementor-section-height-default\" data-id=\"69cfc86b\" data-element_type=\"section\" data-e-type=\"section\">\n\t\t\t\t\t\t<div class=\"elementor-container elementor-column-gap-default\">\n\t\t\t\t\t<div class=\"elementor-column elementor-col-50 elementor-top-column elementor-element elementor-element-7fb7c31d\" data-id=\"7fb7c31d\" data-element_type=\"column\" data-e-type=\"column\">\n\t\t\t<div class=\"elementor-widget-wrap elementor-element-populated\">\n\t\t\t\t\t\t<div class=\"elementor-element elementor-element-ebdf79b elementor-widget elementor-widget-image-gallery\" data-id=\"ebdf79b\" data-element_type=\"widget\" data-e-type=\"widget\" data-widget_type=\"image-gallery.default\">\n\t\t\t\t<div class=\"elementor-widget-container\">\n\t\t\t\t\t\t\t<div class=\"elementor-image-gallery\">\n\t\t\t<div id='gallery-1' class='gallery galleryid-3671 gallery-columns-2 gallery-size-thumbnail'><figure class='gallery-item'>\n\t\t\t<div class='gallery-icon landscape'>\n\t\t\t\t<a  href='https:\/\/quebecvelotaxi.com\/wp-content\/uploads\/2024\/01\/Aff-08-1-1-300x200-1.jpg'><img decoding=\"async\" width=\"150\" height=\"150\" src=\"https:\/\/quebecvelotaxi.com\/wp-content\/uploads\/2024\/01\/Aff-08-1-1-300x200-1-150x150.jpg\" class=\"attachment-thumbnail size-thumbnail\" alt=\"\" \/><\/a>\n\t\t\t<\/div><\/figure><figure class='gallery-item'>\n\t\t\t<div class='gallery-icon portrait'>\n\t\t\t\t<a  href='https:\/\/quebecvelotaxi.com\/wp-content\/uploads\/2024\/01\/Aff-14-4-224x300-2.jpg'><img decoding=\"async\" width=\"150\" height=\"150\" src=\"https:\/\/quebecvelotaxi.com\/wp-content\/uploads\/2024\/01\/Aff-14-4-224x300-2-150x150.jpg\" class=\"attachment-thumbnail size-thumbnail\" alt=\"\" \/><\/a>\n\t\t\t<\/div><\/figure>\n\t\t<\/div>\n\t\t<\/div>\n\t\t\t\t\t\t<\/div>\n\t\t\t\t<\/div>\n\t\t\t\t<div class=\"elementor-element elementor-element-e365713 elementor-widget elementor-widget-image\" data-id=\"e365713\" data-element_type=\"widget\" data-e-type=\"widget\" data-widget_type=\"image.default\">\n\t\t\t\t<div class=\"elementor-widget-container\">\n\t\t\t\t\t\t\t\t\t\t\t\t\t\t\t<img loading=\"lazy\" decoding=\"async\" width=\"800\" height=\"600\" src=\"https:\/\/quebecvelotaxi.com\/wp-content\/uploads\/2024\/01\/IMG_0694-1024x768.jpeg\" class=\"attachment-large size-large wp-image-4046\" alt=\"\" srcset=\"https:\/\/quebecvelotaxi.com\/wp-content\/uploads\/2024\/01\/IMG_0694-1024x768.jpeg 1024w, https:\/\/quebecvelotaxi.com\/wp-content\/uploads\/2024\/01\/IMG_0694-300x225.jpeg 300w, https:\/\/quebecvelotaxi.com\/wp-content\/uploads\/2024\/01\/IMG_0694-768x576.jpeg 768w, https:\/\/quebecvelotaxi.com\/wp-content\/uploads\/2024\/01\/IMG_0694-1536x1152.jpeg 1536w, https:\/\/quebecvelotaxi.com\/wp-content\/uploads\/2024\/01\/IMG_0694.jpeg 2048w\" sizes=\"(max-width: 800px) 100vw, 800px\" \/>\t\t\t\t\t\t\t\t\t\t\t\t\t\t\t<\/div>\n\t\t\t\t<\/div>\n\t\t\t\t\t<\/div>\n\t\t<\/div>\n\t\t\t\t<div class=\"elementor-column elementor-col-50 elementor-top-column elementor-element elementor-element-6b1d9ef3\" data-id=\"6b1d9ef3\" data-element_type=\"column\" data-e-type=\"column\">\n\t\t\t<div class=\"elementor-widget-wrap elementor-element-populated\">\n\t\t\t\t\t\t<section class=\"elementor-section elementor-inner-section elementor-element elementor-element-7bdfed4c elementor-section-boxed elementor-section-height-default elementor-section-height-default\" data-id=\"7bdfed4c\" data-element_type=\"section\" data-e-type=\"section\">\n\t\t\t\t\t\t<div class=\"elementor-container elementor-column-gap-default\">\n\t\t\t\t\t<div class=\"elementor-column elementor-col-33 elementor-inner-column elementor-element elementor-element-10e83c2a\" data-id=\"10e83c2a\" data-element_type=\"column\" data-e-type=\"column\">\n\t\t\t<div class=\"elementor-widget-wrap elementor-element-populated\">\n\t\t\t\t\t\t<div class=\"elementor-element elementor-element-7d2e2a53 elementor-widget__width-initial elementor-view-default elementor-widget elementor-widget-icon\" data-id=\"7d2e2a53\" data-element_type=\"widget\" data-e-type=\"widget\" data-widget_type=\"icon.default\">\n\t\t\t\t<div class=\"elementor-widget-container\">\n\t\t\t\t\t\t\t<div class=\"elementor-icon-wrapper\">\n\t\t\t<div class=\"elementor-icon\">\n\t\t\t<svg aria-hidden=\"true\" class=\"e-font-icon-svg e-fas-phone-alt\" viewBox=\"0 0 512 512\" xmlns=\"http:\/\/www.w3.org\/2000\/svg\"><path d=\"M497.39 361.8l-112-48a24 24 0 0 0-28 6.9l-49.6 60.6A370.66 370.66 0 0 1 130.6 204.11l60.6-49.6a23.94 23.94 0 0 0 6.9-28l-48-112A24.16 24.16 0 0 0 122.6.61l-104 24A24 24 0 0 0 0 48c0 256.5 207.9 464 464 464a24 24 0 0 0 23.4-18.6l24-104a24.29 24.29 0 0 0-14.01-27.6z\"><\/path><\/svg>\t\t\t<\/div>\n\t\t<\/div>\n\t\t\t\t\t\t<\/div>\n\t\t\t\t<\/div>\n\t\t\t\t\t<\/div>\n\t\t<\/div>\n\t\t\t\t<div class=\"elementor-column elementor-col-66 elementor-inner-column elementor-element elementor-element-1d4eccdf\" data-id=\"1d4eccdf\" data-element_type=\"column\" data-e-type=\"column\">\n\t\t\t<div class=\"elementor-widget-wrap elementor-element-populated\">\n\t\t\t\t\t\t<div class=\"elementor-element elementor-element-29be8dda elementor-widget__width-initial elementor-widget-tablet__width-initial elementor-widget-mobile__width-initial elementor-absolute elementor-widget elementor-widget-heading\" data-id=\"29be8dda\" data-element_type=\"widget\" data-e-type=\"widget\" data-settings=\"{&quot;_position&quot;:&quot;absolute&quot;}\" data-widget_type=\"heading.default\">\n\t\t\t\t<div class=\"elementor-widget-container\">\n\t\t\t\t\t<h4 class=\"elementor-heading-title elementor-size-default\">418 655-5836<\/h4>\t\t\t\t<\/div>\n\t\t\t\t<\/div>\n\t\t\t\t\t<\/div>\n\t\t<\/div>\n\t\t\t\t\t<\/div>\n\t\t<\/section>\n\t\t\t\t<div class=\"elementor-element elementor-element-72e4032f elementor-widget elementor-widget-wpforms\" data-id=\"72e4032f\" data-element_type=\"widget\" data-e-type=\"widget\" data-widget_type=\"wpforms.default\">\n\t\t\t\t<div class=\"elementor-widget-container\">\n\t\t\t\t\t<div class=\"wpforms-container wpforms-container-full wpforms-render-modern\" id=\"wpforms-486\"><form id=\"wpforms-form-486\" class=\"wpforms-validate wpforms-form wpforms-ajax-form\" data-formid=\"486\" method=\"post\" enctype=\"multipart\/form-data\" action=\"\/index.php?rest_route=%2Fwp%2Fv2%2Fpages%2F3671\" data-token=\"32d3cef2200d5f527e04a08076b05e6c\" data-token-time=\"1778069952\"><noscript class=\"wpforms-error-noscript\">Please enable JavaScript in your browser to complete this form.<\/noscript><div id=\"wpforms-error-noscript\" style=\"display: none;\">Please enable JavaScript in your browser to complete this form.<\/div><div class=\"wpforms-field-container\"><div id=\"wpforms-486-field_0-container\" class=\"wpforms-field wpforms-field-name\" data-field-id=\"0\"><fieldset><legend class=\"wpforms-field-label\">Name <span class=\"wpforms-required-label\" aria-hidden=\"true\">*<\/span><\/legend><div class=\"wpforms-field-row wpforms-field-medium\"><div class=\"wpforms-field-row-block wpforms-first wpforms-one-half\"><input type=\"text\" id=\"wpforms-486-field_0\" class=\"wpforms-field-name-first wpforms-field-required\" name=\"wpforms[fields][0][first]\" aria-errormessage=\"wpforms-486-field_0-error\" required><label for=\"wpforms-486-field_0\" class=\"wpforms-field-sublabel after\">First<\/label><\/div><div class=\"wpforms-field-row-block wpforms-one-half\"><input type=\"text\" id=\"wpforms-486-field_0-last\" class=\"wpforms-field-name-last wpforms-field-required\" name=\"wpforms[fields][0][last]\" aria-errormessage=\"wpforms-486-field_0-last-error\" required><label for=\"wpforms-486-field_0-last\" class=\"wpforms-field-sublabel after\">Last<\/label><\/div><\/div><\/fieldset><\/div><div id=\"wpforms-486-field_1-container\" class=\"wpforms-field wpforms-field-email\" data-field-id=\"1\"><label class=\"wpforms-field-label\" for=\"wpforms-486-field_1\">Email <span class=\"wpforms-required-label\" aria-hidden=\"true\">*<\/span><\/label><input type=\"email\" id=\"wpforms-486-field_1\" class=\"wpforms-field-medium wpforms-field-required\" name=\"wpforms[fields][1]\" spellcheck=\"false\" aria-errormessage=\"wpforms-486-field_1-error\" required><\/div><div id=\"wpforms-486-field_3-container\" class=\"wpforms-field wpforms-field-number\" data-field-id=\"3\"><label class=\"wpforms-field-label\" for=\"wpforms-486-field_3\">Numbers<\/label><input type=\"number\" id=\"wpforms-486-field_3\" class=\"wpforms-field-medium\" name=\"wpforms[fields][3]\" step=\"any\" aria-errormessage=\"wpforms-486-field_3-error\" ><\/div><div id=\"wpforms-486-field_2-container\" class=\"wpforms-field wpforms-field-textarea\" data-field-id=\"2\"><label class=\"wpforms-field-label\" for=\"wpforms-486-field_2\">Comment or Message<\/label><textarea id=\"wpforms-486-field_2\" class=\"wpforms-field-medium\" name=\"wpforms[fields][2]\" aria-errormessage=\"wpforms-486-field_2-error\" ><\/textarea><\/div><\/div><!-- .wpforms-field-container --><div class=\"wpforms-submit-container\" ><input type=\"hidden\" name=\"wpforms[id]\" value=\"486\"><input type=\"hidden\" name=\"page_title\" value=\"\"><input type=\"hidden\" name=\"page_url\" value=\"https:\/\/quebecvelotaxi.com\/index.php?rest_route=\/wp\/v2\/pages\/3671\"><input type=\"hidden\" name=\"url_referer\" value=\"\"><button type=\"submit\" name=\"wpforms[submit]\" id=\"wpforms-submit-486\" class=\"wpforms-submit\" data-alt-text=\"Sending...\" data-submit-text=\"Submit\" aria-live=\"assertive\" value=\"wpforms-submit\">Submit<\/button><img loading=\"lazy\" decoding=\"async\" src=\"https:\/\/quebecvelotaxi.com\/wp-content\/plugins\/wpforms-lite\/assets\/images\/submit-spin.svg\" class=\"wpforms-submit-spinner\" style=\"display: none;\" width=\"26\" height=\"26\" alt=\"Loading\"><\/div><\/form><\/div>  <!-- .wpforms-container -->\t\t\t\t<\/div>\n\t\t\t\t<\/div>\n\t\t\t\t\t<\/div>\n\t\t<\/div>\n\t\t\t\t\t<\/div>\n\t\t<\/section>\n\t\t\t\t<\/div>\n\t\t","protected":false},"excerpt":{"rendered":"<p>AFFICHAGES Notre service d\u2019affichage, vous permet de faire la promotion de votre entreprise, de vos commanditaires ou de votre \u00e9v\u00e9nement pour quelques jours, une semaine ou encore quelques mois. Pour ce faire, nous vous offrons trois types d\u2019affichage, qui install\u00e9s sur la carrosserie de nos cyclo-pousses, vous assurent une visibilit\u00e9 exceptionnelle, l\u00e0 o\u00f9 \u00e7a compte [&hellip;]<\/p>\n","protected":false},"author":1,"featured_media":0,"parent":0,"menu_order":0,"comment_status":"closed","ping_status":"closed","template":"","meta":{"footnotes":""},"class_list":["post-3671","page","type-page","status-publish","hentry"],"yoast_head":"<!-- This site is optimized with the Yoast SEO plugin v27.5 - https:\/\/yoast.com\/product\/yoast-seo-wordpress\/ -->\n<title>Affichages - Quebec V\u00e9lo-Taxi<\/title>\n<meta name=\"robots\" content=\"index, follow, max-snippet:-1, max-image-preview:large, max-video-preview:-1\" \/>\n<link rel=\"canonical\" href=\"https:\/\/quebecvelotaxi.com\/?page_id=3671\" \/>\n<meta property=\"og:locale\" content=\"en_US\" \/>\n<meta property=\"og:type\" content=\"article\" \/>\n<meta property=\"og:title\" content=\"Affichages - Quebec V\u00e9lo-Taxi\" \/>\n<meta property=\"og:description\" content=\"AFFICHAGES Notre service d\u2019affichage, vous permet de faire la promotion de votre entreprise, de vos commanditaires ou de votre \u00e9v\u00e9nement pour quelques jours, une semaine ou encore quelques mois. Pour ce faire, nous vous offrons trois types d\u2019affichage, qui install\u00e9s sur la carrosserie de nos cyclo-pousses, vous assurent une visibilit\u00e9 exceptionnelle, l\u00e0 o\u00f9 \u00e7a compte [&hellip;]\" \/>\n<meta property=\"og:url\" content=\"https:\/\/quebecvelotaxi.com\/?page_id=3671\" \/>\n<meta property=\"og:site_name\" content=\"Quebec V\u00e9lo-Taxi\" \/>\n<meta property=\"article:publisher\" content=\"https:\/\/www.facebook.com\/QVTaxi\" \/>\n<meta property=\"article:modified_time\" content=\"2024-05-28T00:00:38+00:00\" \/>\n<meta property=\"og:image\" content=\"https:\/\/quebecvelotaxi.com\/wp-content\/uploads\/2024\/01\/Maison-Smith-2.jpg\" \/>\n<meta name=\"twitter:card\" content=\"summary_large_image\" \/>\n<meta name=\"twitter:site\" content=\"@qvtaxi\" \/>\n<meta name=\"twitter:label1\" content=\"Est. reading time\" \/>\n\t<meta name=\"twitter:data1\" content=\"2 minutes\" \/>\n<script type=\"application\/ld+json\" class=\"yoast-schema-graph\">{\"@context\":\"https:\\\/\\\/schema.org\",\"@graph\":[{\"@type\":\"WebPage\",\"@id\":\"https:\\\/\\\/quebecvelotaxi.com\\\/?page_id=3671\",\"url\":\"https:\\\/\\\/quebecvelotaxi.com\\\/?page_id=3671\",\"name\":\"Affichages - Quebec V\u00e9lo-Taxi\",\"isPartOf\":{\"@id\":\"https:\\\/\\\/quebecvelotaxi.com\\\/#website\"},\"primaryImageOfPage\":{\"@id\":\"https:\\\/\\\/quebecvelotaxi.com\\\/?page_id=3671#primaryimage\"},\"image\":{\"@id\":\"https:\\\/\\\/quebecvelotaxi.com\\\/?page_id=3671#primaryimage\"},\"thumbnailUrl\":\"https:\\\/\\\/quebecvelotaxi.com\\\/wp-content\\\/uploads\\\/2024\\\/01\\\/Maison-Smith-2.jpg\",\"datePublished\":\"2024-01-25T17:14:57+00:00\",\"dateModified\":\"2024-05-28T00:00:38+00:00\",\"breadcrumb\":{\"@id\":\"https:\\\/\\\/quebecvelotaxi.com\\\/?page_id=3671#breadcrumb\"},\"inLanguage\":\"en-US\",\"potentialAction\":[{\"@type\":\"ReadAction\",\"target\":[\"https:\\\/\\\/quebecvelotaxi.com\\\/?page_id=3671\"]}]},{\"@type\":\"ImageObject\",\"inLanguage\":\"en-US\",\"@id\":\"https:\\\/\\\/quebecvelotaxi.com\\\/?page_id=3671#primaryimage\",\"url\":\"https:\\\/\\\/quebecvelotaxi.com\\\/wp-content\\\/uploads\\\/2024\\\/01\\\/Maison-Smith-2.jpg\",\"contentUrl\":\"https:\\\/\\\/quebecvelotaxi.com\\\/wp-content\\\/uploads\\\/2024\\\/01\\\/Maison-Smith-2.jpg\",\"width\":720,\"height\":960},{\"@type\":\"BreadcrumbList\",\"@id\":\"https:\\\/\\\/quebecvelotaxi.com\\\/?page_id=3671#breadcrumb\",\"itemListElement\":[{\"@type\":\"ListItem\",\"position\":1,\"name\":\"Home\",\"item\":\"https:\\\/\\\/quebecvelotaxi.com\\\/\"},{\"@type\":\"ListItem\",\"position\":2,\"name\":\"Affichages\"}]},{\"@type\":\"WebSite\",\"@id\":\"https:\\\/\\\/quebecvelotaxi.com\\\/#website\",\"url\":\"https:\\\/\\\/quebecvelotaxi.com\\\/\",\"name\":\"Quebec V\u00e9lo-Taxi\",\"description\":\"D\u00e9couvrez les myst\u00e8res de la Basse-Ville de Qu\u00e9bec\",\"publisher\":{\"@id\":\"https:\\\/\\\/quebecvelotaxi.com\\\/#organization\"},\"potentialAction\":[{\"@type\":\"SearchAction\",\"target\":{\"@type\":\"EntryPoint\",\"urlTemplate\":\"https:\\\/\\\/quebecvelotaxi.com\\\/?s={search_term_string}\"},\"query-input\":{\"@type\":\"PropertyValueSpecification\",\"valueRequired\":true,\"valueName\":\"search_term_string\"}}],\"inLanguage\":\"en-US\"},{\"@type\":\"Organization\",\"@id\":\"https:\\\/\\\/quebecvelotaxi.com\\\/#organization\",\"name\":\"Quebec V\u00e9lo-Taxi\",\"url\":\"https:\\\/\\\/quebecvelotaxi.com\\\/\",\"logo\":{\"@type\":\"ImageObject\",\"inLanguage\":\"en-US\",\"@id\":\"https:\\\/\\\/quebecvelotaxi.com\\\/#\\\/schema\\\/logo\\\/image\\\/\",\"url\":\"https:\\\/\\\/quebecvelotaxi.com\\\/wp-content\\\/uploads\\\/2024\\\/02\\\/1-Quebec-Velo-Taxi-version-finale.jpg\",\"contentUrl\":\"https:\\\/\\\/quebecvelotaxi.com\\\/wp-content\\\/uploads\\\/2024\\\/02\\\/1-Quebec-Velo-Taxi-version-finale.jpg\",\"width\":1265,\"height\":1265,\"caption\":\"Quebec V\u00e9lo-Taxi\"},\"image\":{\"@id\":\"https:\\\/\\\/quebecvelotaxi.com\\\/#\\\/schema\\\/logo\\\/image\\\/\"},\"sameAs\":[\"https:\\\/\\\/www.facebook.com\\\/QVTaxi\",\"https:\\\/\\\/x.com\\\/qvtaxi\",\"https:\\\/\\\/www.linkedin.com\\\/in\\\/gilbert-garcia-a1b1714a\\\/\"]}]}<\/script>\n<!-- \/ Yoast SEO plugin. -->","yoast_head_json":{"title":"Affichages - Quebec V\u00e9lo-Taxi","robots":{"index":"index","follow":"follow","max-snippet":"max-snippet:-1","max-image-preview":"max-image-preview:large","max-video-preview":"max-video-preview:-1"},"canonical":"https:\/\/quebecvelotaxi.com\/?page_id=3671","og_locale":"en_US","og_type":"article","og_title":"Affichages - Quebec V\u00e9lo-Taxi","og_description":"AFFICHAGES Notre service d\u2019affichage, vous permet de faire la promotion de votre entreprise, de vos commanditaires ou de votre \u00e9v\u00e9nement pour quelques jours, une semaine ou encore quelques mois. Pour ce faire, nous vous offrons trois types d\u2019affichage, qui install\u00e9s sur la carrosserie de nos cyclo-pousses, vous assurent une visibilit\u00e9 exceptionnelle, l\u00e0 o\u00f9 \u00e7a compte [&hellip;]","og_url":"https:\/\/quebecvelotaxi.com\/?page_id=3671","og_site_name":"Quebec V\u00e9lo-Taxi","article_publisher":"https:\/\/www.facebook.com\/QVTaxi","article_modified_time":"2024-05-28T00:00:38+00:00","og_image":[{"url":"https:\/\/quebecvelotaxi.com\/wp-content\/uploads\/2024\/01\/Maison-Smith-2.jpg","type":"","width":"","height":""}],"twitter_card":"summary_large_image","twitter_site":"@qvtaxi","twitter_misc":{"Est. reading time":"2 minutes"},"schema":{"@context":"https:\/\/schema.org","@graph":[{"@type":"WebPage","@id":"https:\/\/quebecvelotaxi.com\/?page_id=3671","url":"https:\/\/quebecvelotaxi.com\/?page_id=3671","name":"Affichages - Quebec V\u00e9lo-Taxi","isPartOf":{"@id":"https:\/\/quebecvelotaxi.com\/#website"},"primaryImageOfPage":{"@id":"https:\/\/quebecvelotaxi.com\/?page_id=3671#primaryimage"},"image":{"@id":"https:\/\/quebecvelotaxi.com\/?page_id=3671#primaryimage"},"thumbnailUrl":"https:\/\/quebecvelotaxi.com\/wp-content\/uploads\/2024\/01\/Maison-Smith-2.jpg","datePublished":"2024-01-25T17:14:57+00:00","dateModified":"2024-05-28T00:00:38+00:00","breadcrumb":{"@id":"https:\/\/quebecvelotaxi.com\/?page_id=3671#breadcrumb"},"inLanguage":"en-US","potentialAction":[{"@type":"ReadAction","target":["https:\/\/quebecvelotaxi.com\/?page_id=3671"]}]},{"@type":"ImageObject","inLanguage":"en-US","@id":"https:\/\/quebecvelotaxi.com\/?page_id=3671#primaryimage","url":"https:\/\/quebecvelotaxi.com\/wp-content\/uploads\/2024\/01\/Maison-Smith-2.jpg","contentUrl":"https:\/\/quebecvelotaxi.com\/wp-content\/uploads\/2024\/01\/Maison-Smith-2.jpg","width":720,"height":960},{"@type":"BreadcrumbList","@id":"https:\/\/quebecvelotaxi.com\/?page_id=3671#breadcrumb","itemListElement":[{"@type":"ListItem","position":1,"name":"Home","item":"https:\/\/quebecvelotaxi.com\/"},{"@type":"ListItem","position":2,"name":"Affichages"}]},{"@type":"WebSite","@id":"https:\/\/quebecvelotaxi.com\/#website","url":"https:\/\/quebecvelotaxi.com\/","name":"Quebec V\u00e9lo-Taxi","description":"D\u00e9couvrez les myst\u00e8res de la Basse-Ville de Qu\u00e9bec","publisher":{"@id":"https:\/\/quebecvelotaxi.com\/#organization"},"potentialAction":[{"@type":"SearchAction","target":{"@type":"EntryPoint","urlTemplate":"https:\/\/quebecvelotaxi.com\/?s={search_term_string}"},"query-input":{"@type":"PropertyValueSpecification","valueRequired":true,"valueName":"search_term_string"}}],"inLanguage":"en-US"},{"@type":"Organization","@id":"https:\/\/quebecvelotaxi.com\/#organization","name":"Quebec V\u00e9lo-Taxi","url":"https:\/\/quebecvelotaxi.com\/","logo":{"@type":"ImageObject","inLanguage":"en-US","@id":"https:\/\/quebecvelotaxi.com\/#\/schema\/logo\/image\/","url":"https:\/\/quebecvelotaxi.com\/wp-content\/uploads\/2024\/02\/1-Quebec-Velo-Taxi-version-finale.jpg","contentUrl":"https:\/\/quebecvelotaxi.com\/wp-content\/uploads\/2024\/02\/1-Quebec-Velo-Taxi-version-finale.jpg","width":1265,"height":1265,"caption":"Quebec V\u00e9lo-Taxi"},"image":{"@id":"https:\/\/quebecvelotaxi.com\/#\/schema\/logo\/image\/"},"sameAs":["https:\/\/www.facebook.com\/QVTaxi","https:\/\/x.com\/qvtaxi","https:\/\/www.linkedin.com\/in\/gilbert-garcia-a1b1714a\/"]}]}},"_links":{"self":[{"href":"https:\/\/quebecvelotaxi.com\/index.php?rest_route=\/wp\/v2\/pages\/3671","targetHints":{"allow":["GET"]}}],"collection":[{"href":"https:\/\/quebecvelotaxi.com\/index.php?rest_route=\/wp\/v2\/pages"}],"about":[{"href":"https:\/\/quebecvelotaxi.com\/index.php?rest_route=\/wp\/v2\/types\/page"}],"author":[{"embeddable":true,"href":"https:\/\/quebecvelotaxi.com\/index.php?rest_route=\/wp\/v2\/users\/1"}],"replies":[{"embeddable":true,"href":"https:\/\/quebecvelotaxi.com\/index.php?rest_route=%2Fwp%2Fv2%2Fcomments&post=3671"}],"version-history":[{"count":25,"href":"https:\/\/quebecvelotaxi.com\/index.php?rest_route=\/wp\/v2\/pages\/3671\/revisions"}],"predecessor-version":[{"id":4989,"href":"https:\/\/quebecvelotaxi.com\/index.php?rest_route=\/wp\/v2\/pages\/3671\/revisions\/4989"}],"wp:attachment":[{"href":"https:\/\/quebecvelotaxi.com\/index.php?rest_route=%2Fwp%2Fv2%2Fmedia&parent=3671"}],"curies":[{"name":"wp","href":"https:\/\/api.w.org\/{rel}","templated":true}]}}