{"id":3680,"date":"2024-01-25T17:16:33","date_gmt":"2024-01-25T17:16:33","guid":{"rendered":"https:\/\/quebecvelotaxi.com\/?page_id=3680"},"modified":"2024-02-07T14:42:02","modified_gmt":"2024-02-07T14:42:02","slug":"interview-en-cyclo-pousse","status":"publish","type":"page","link":"https:\/\/quebecvelotaxi.com\/?page_id=3680","title":{"rendered":"Interview en cyclo-pousse"},"content":{"rendered":"\t\t<div data-elementor-type=\"wp-page\" data-elementor-id=\"3680\" class=\"elementor elementor-3680\">\n\t\t\t\t\t\t<section class=\"elementor-section elementor-top-section elementor-element elementor-element-59b809e9 elementor-section-boxed elementor-section-height-default elementor-section-height-default\" data-id=\"59b809e9\" data-element_type=\"section\" data-e-type=\"section\">\n\t\t\t\t\t\t<div class=\"elementor-container elementor-column-gap-default\">\n\t\t\t\t\t<div class=\"elementor-column elementor-col-100 elementor-top-column elementor-element elementor-element-ef59a59\" data-id=\"ef59a59\" data-element_type=\"column\" data-e-type=\"column\">\n\t\t\t<div class=\"elementor-widget-wrap elementor-element-populated\">\n\t\t\t\t\t\t<div class=\"elementor-element elementor-element-72cf858f elementor-widget elementor-widget-heading\" data-id=\"72cf858f\" data-element_type=\"widget\" data-e-type=\"widget\" data-widget_type=\"heading.default\">\n\t\t\t\t<div class=\"elementor-widget-container\">\n\t\t\t\t\t<h2 class=\"elementor-heading-title elementor-size-default\">INTERVIEWS EN CYCLO-POUSSE<\/h2>\t\t\t\t<\/div>\n\t\t\t\t<\/div>\n\t\t\t\t\t<\/div>\n\t\t<\/div>\n\t\t\t\t\t<\/div>\n\t\t<\/section>\n\t\t\t\t<section class=\"elementor-section elementor-top-section elementor-element elementor-element-4158f8e4 elementor-section-boxed elementor-section-height-default elementor-section-height-default\" data-id=\"4158f8e4\" data-element_type=\"section\" data-e-type=\"section\">\n\t\t\t\t\t\t<div class=\"elementor-container elementor-column-gap-default\">\n\t\t\t\t\t<div class=\"elementor-column elementor-col-33 elementor-top-column elementor-element elementor-element-3e6422ce\" data-id=\"3e6422ce\" data-element_type=\"column\" data-e-type=\"column\">\n\t\t\t<div class=\"elementor-widget-wrap elementor-element-populated\">\n\t\t\t\t\t\t<div class=\"elementor-element elementor-element-6421ca2d elementor-widget elementor-widget-text-editor\" data-id=\"6421ca2d\" data-element_type=\"widget\" data-e-type=\"widget\" data-widget_type=\"text-editor.default\">\n\t\t\t\t<div class=\"elementor-widget-container\">\n\t\t\t\t\t\t\t\t\t<h5 class=\"western\">Interviews en cyclo-pousses est tr\u00e8s simple. Que ce soit pour un \u00e9v\u00e9nement personnel, corporatif, une annonce publicitaire, un documentaire ou un influenceur, nous savons adapter la conduite des cyclo-pousses pour que les meilleurs angles soient possibles pour le cam\u00e9raman.<\/h5>\t\t\t\t\t\t\t\t<\/div>\n\t\t\t\t<\/div>\n\t\t\t\t\t<\/div>\n\t\t<\/div>\n\t\t\t\t<div class=\"elementor-column elementor-col-66 elementor-top-column elementor-element elementor-element-729de9cf\" data-id=\"729de9cf\" data-element_type=\"column\" data-e-type=\"column\">\n\t\t\t<div class=\"elementor-widget-wrap elementor-element-populated\">\n\t\t\t\t\t\t<section class=\"elementor-section elementor-inner-section elementor-element elementor-element-121ed2b9 elementor-section-boxed elementor-section-height-default elementor-section-height-default\" data-id=\"121ed2b9\" data-element_type=\"section\" data-e-type=\"section\">\n\t\t\t\t\t\t<div class=\"elementor-container elementor-column-gap-default\">\n\t\t\t\t\t<div class=\"elementor-column elementor-col-100 elementor-inner-column elementor-element elementor-element-3548dc7e\" data-id=\"3548dc7e\" data-element_type=\"column\" data-e-type=\"column\">\n\t\t\t<div class=\"elementor-widget-wrap elementor-element-populated\">\n\t\t\t\t\t\t<div class=\"elementor-element elementor-element-12170bee elementor-widget elementor-widget-image\" data-id=\"12170bee\" data-element_type=\"widget\" data-e-type=\"widget\" data-widget_type=\"image.default\">\n\t\t\t\t<div class=\"elementor-widget-container\">\n\t\t\t\t\t\t\t\t\t\t\t\t\t\t\t<img fetchpriority=\"high\" decoding=\"async\" width=\"640\" height=\"480\" src=\"https:\/\/quebecvelotaxi.com\/wp-content\/uploads\/2024\/01\/Mountain-COOP.jpg\" class=\"attachment-large size-large wp-image-3667\" alt=\"\" srcset=\"https:\/\/quebecvelotaxi.com\/wp-content\/uploads\/2024\/01\/Mountain-COOP.jpg 640w, https:\/\/quebecvelotaxi.com\/wp-content\/uploads\/2024\/01\/Mountain-COOP-300x225.jpg 300w\" sizes=\"(max-width: 640px) 100vw, 640px\" \/>\t\t\t\t\t\t\t\t\t\t\t\t\t\t\t<\/div>\n\t\t\t\t<\/div>\n\t\t\t\t\t<\/div>\n\t\t<\/div>\n\t\t\t\t\t<\/div>\n\t\t<\/section>\n\t\t\t\t\t<\/div>\n\t\t<\/div>\n\t\t\t\t\t<\/div>\n\t\t<\/section>\n\t\t\t\t<section class=\"elementor-section elementor-top-section elementor-element elementor-element-6b0f438b elementor-section-boxed elementor-section-height-default elementor-section-height-default\" data-id=\"6b0f438b\" data-element_type=\"section\" data-e-type=\"section\">\n\t\t\t\t\t\t<div class=\"elementor-container elementor-column-gap-default\">\n\t\t\t\t\t<div class=\"elementor-column elementor-col-50 elementor-top-column elementor-element elementor-element-30b1e49d\" data-id=\"30b1e49d\" data-element_type=\"column\" data-e-type=\"column\">\n\t\t\t<div class=\"elementor-widget-wrap elementor-element-populated\">\n\t\t\t\t\t\t<div class=\"elementor-element elementor-element-6829a2db elementor-widget elementor-widget-image\" data-id=\"6829a2db\" data-element_type=\"widget\" data-e-type=\"widget\" data-widget_type=\"image.default\">\n\t\t\t\t<div class=\"elementor-widget-container\">\n\t\t\t\t\t\t\t\t\t\t\t\t\t\t\t<img decoding=\"async\" width=\"640\" height=\"480\" src=\"https:\/\/quebecvelotaxi.com\/wp-content\/uploads\/2024\/01\/Mountain-COOP-2.jpg\" class=\"attachment-large size-large wp-image-4174\" alt=\"\" srcset=\"https:\/\/quebecvelotaxi.com\/wp-content\/uploads\/2024\/01\/Mountain-COOP-2.jpg 640w, https:\/\/quebecvelotaxi.com\/wp-content\/uploads\/2024\/01\/Mountain-COOP-2-300x225.jpg 300w\" sizes=\"(max-width: 640px) 100vw, 640px\" \/>\t\t\t\t\t\t\t\t\t\t\t\t\t\t\t<\/div>\n\t\t\t\t<\/div>\n\t\t\t\t<div class=\"elementor-element elementor-element-253f1967 elementor-widget elementor-widget-spacer\" data-id=\"253f1967\" data-element_type=\"widget\" data-e-type=\"widget\" data-widget_type=\"spacer.default\">\n\t\t\t\t<div class=\"elementor-widget-container\">\n\t\t\t\t\t\t\t<div class=\"elementor-spacer\">\n\t\t\t<div class=\"elementor-spacer-inner\"><\/div>\n\t\t<\/div>\n\t\t\t\t\t\t<\/div>\n\t\t\t\t<\/div>\n\t\t\t\t<div class=\"elementor-element elementor-element-76006c53 elementor-widget elementor-widget-image\" data-id=\"76006c53\" data-element_type=\"widget\" data-e-type=\"widget\" data-widget_type=\"image.default\">\n\t\t\t\t<div class=\"elementor-widget-container\">\n\t\t\t\t\t\t\t\t\t\t\t\t\t\t\t<img decoding=\"async\" width=\"640\" height=\"480\" src=\"https:\/\/quebecvelotaxi.com\/wp-content\/uploads\/2024\/01\/Mountain-COOP-6.jpg\" class=\"attachment-large size-large wp-image-4175\" alt=\"\" srcset=\"https:\/\/quebecvelotaxi.com\/wp-content\/uploads\/2024\/01\/Mountain-COOP-6.jpg 640w, https:\/\/quebecvelotaxi.com\/wp-content\/uploads\/2024\/01\/Mountain-COOP-6-300x225.jpg 300w\" sizes=\"(max-width: 640px) 100vw, 640px\" \/>\t\t\t\t\t\t\t\t\t\t\t\t\t\t\t<\/div>\n\t\t\t\t<\/div>\n\t\t\t\t\t<\/div>\n\t\t<\/div>\n\t\t\t\t<div class=\"elementor-column elementor-col-50 elementor-top-column elementor-element elementor-element-125b8e6\" data-id=\"125b8e6\" data-element_type=\"column\" data-e-type=\"column\">\n\t\t\t<div class=\"elementor-widget-wrap elementor-element-populated\">\n\t\t\t\t\t\t<section class=\"elementor-section elementor-inner-section elementor-element elementor-element-a0745d5 elementor-section-boxed elementor-section-height-default elementor-section-height-default\" data-id=\"a0745d5\" data-element_type=\"section\" data-e-type=\"section\">\n\t\t\t\t\t\t<div class=\"elementor-container elementor-column-gap-default\">\n\t\t\t\t\t<div class=\"elementor-column elementor-col-33 elementor-inner-column elementor-element elementor-element-d8e0f0b\" data-id=\"d8e0f0b\" data-element_type=\"column\" data-e-type=\"column\">\n\t\t\t<div class=\"elementor-widget-wrap elementor-element-populated\">\n\t\t\t\t\t\t<div class=\"elementor-element elementor-element-e64b806 elementor-widget__width-initial elementor-view-default elementor-widget elementor-widget-icon\" data-id=\"e64b806\" data-element_type=\"widget\" data-e-type=\"widget\" data-widget_type=\"icon.default\">\n\t\t\t\t<div class=\"elementor-widget-container\">\n\t\t\t\t\t\t\t<div class=\"elementor-icon-wrapper\">\n\t\t\t<div class=\"elementor-icon\">\n\t\t\t<svg aria-hidden=\"true\" class=\"e-font-icon-svg e-fas-phone-alt\" viewBox=\"0 0 512 512\" xmlns=\"http:\/\/www.w3.org\/2000\/svg\"><path d=\"M497.39 361.8l-112-48a24 24 0 0 0-28 6.9l-49.6 60.6A370.66 370.66 0 0 1 130.6 204.11l60.6-49.6a23.94 23.94 0 0 0 6.9-28l-48-112A24.16 24.16 0 0 0 122.6.61l-104 24A24 24 0 0 0 0 48c0 256.5 207.9 464 464 464a24 24 0 0 0 23.4-18.6l24-104a24.29 24.29 0 0 0-14.01-27.6z\"><\/path><\/svg>\t\t\t<\/div>\n\t\t<\/div>\n\t\t\t\t\t\t<\/div>\n\t\t\t\t<\/div>\n\t\t\t\t\t<\/div>\n\t\t<\/div>\n\t\t\t\t<div class=\"elementor-column elementor-col-66 elementor-inner-column elementor-element elementor-element-43a3666\" data-id=\"43a3666\" data-element_type=\"column\" data-e-type=\"column\">\n\t\t\t<div class=\"elementor-widget-wrap elementor-element-populated\">\n\t\t\t\t\t\t<div class=\"elementor-element elementor-element-aa538e7 elementor-widget__width-initial elementor-widget-tablet__width-initial elementor-widget-mobile__width-initial elementor-absolute elementor-widget elementor-widget-heading\" data-id=\"aa538e7\" data-element_type=\"widget\" data-e-type=\"widget\" data-settings=\"{&quot;_position&quot;:&quot;absolute&quot;}\" data-widget_type=\"heading.default\">\n\t\t\t\t<div class=\"elementor-widget-container\">\n\t\t\t\t\t<h4 class=\"elementor-heading-title elementor-size-default\">418 655-5836<\/h4>\t\t\t\t<\/div>\n\t\t\t\t<\/div>\n\t\t\t\t\t<\/div>\n\t\t<\/div>\n\t\t\t\t\t<\/div>\n\t\t<\/section>\n\t\t\t\t<div class=\"elementor-element elementor-element-10a0a196 elementor-widget elementor-widget-wpforms\" data-id=\"10a0a196\" data-element_type=\"widget\" data-e-type=\"widget\" data-widget_type=\"wpforms.default\">\n\t\t\t\t<div class=\"elementor-widget-container\">\n\t\t\t\t\t<div class=\"wpforms-container wpforms-container-full wpforms-render-modern\" id=\"wpforms-486\"><form id=\"wpforms-form-486\" class=\"wpforms-validate wpforms-form wpforms-ajax-form\" data-formid=\"486\" method=\"post\" enctype=\"multipart\/form-data\" action=\"\/index.php?rest_route=%2Fwp%2Fv2%2Fpages%2F3680\" data-token=\"087f66b07e42498c223084c6d7f7816a\" data-token-time=\"1778414171\"><noscript class=\"wpforms-error-noscript\">Please enable JavaScript in your browser to complete this form.<\/noscript><div id=\"wpforms-error-noscript\" style=\"display: none;\">Please enable JavaScript in your browser to complete this form.<\/div><div class=\"wpforms-field-container\"><div id=\"wpforms-486-field_0-container\" class=\"wpforms-field wpforms-field-name\" data-field-id=\"0\"><fieldset><legend class=\"wpforms-field-label\">Name <span class=\"wpforms-required-label\" aria-hidden=\"true\">*<\/span><\/legend><div class=\"wpforms-field-row wpforms-field-medium\"><div class=\"wpforms-field-row-block wpforms-first wpforms-one-half\"><input type=\"text\" id=\"wpforms-486-field_0\" class=\"wpforms-field-name-first wpforms-field-required\" name=\"wpforms[fields][0][first]\" aria-errormessage=\"wpforms-486-field_0-error\" required><label for=\"wpforms-486-field_0\" class=\"wpforms-field-sublabel after\">First<\/label><\/div><div class=\"wpforms-field-row-block wpforms-one-half\"><input type=\"text\" id=\"wpforms-486-field_0-last\" class=\"wpforms-field-name-last wpforms-field-required\" name=\"wpforms[fields][0][last]\" aria-errormessage=\"wpforms-486-field_0-last-error\" required><label for=\"wpforms-486-field_0-last\" class=\"wpforms-field-sublabel after\">Last<\/label><\/div><\/div><\/fieldset><\/div><div id=\"wpforms-486-field_1-container\" class=\"wpforms-field wpforms-field-email\" data-field-id=\"1\"><label class=\"wpforms-field-label\" for=\"wpforms-486-field_1\">Email <span class=\"wpforms-required-label\" aria-hidden=\"true\">*<\/span><\/label><input type=\"email\" id=\"wpforms-486-field_1\" class=\"wpforms-field-medium wpforms-field-required\" name=\"wpforms[fields][1]\" spellcheck=\"false\" aria-errormessage=\"wpforms-486-field_1-error\" required><\/div><div id=\"wpforms-486-field_3-container\" class=\"wpforms-field wpforms-field-number\" data-field-id=\"3\"><label class=\"wpforms-field-label\" for=\"wpforms-486-field_3\">Numbers<\/label><input type=\"number\" id=\"wpforms-486-field_3\" class=\"wpforms-field-medium\" name=\"wpforms[fields][3]\" step=\"any\" aria-errormessage=\"wpforms-486-field_3-error\" ><\/div><div id=\"wpforms-486-field_2-container\" class=\"wpforms-field wpforms-field-textarea\" data-field-id=\"2\"><label class=\"wpforms-field-label\" for=\"wpforms-486-field_2\">Comment or Message<\/label><textarea id=\"wpforms-486-field_2\" class=\"wpforms-field-medium\" name=\"wpforms[fields][2]\" aria-errormessage=\"wpforms-486-field_2-error\" ><\/textarea><\/div><\/div><!-- .wpforms-field-container --><div class=\"wpforms-submit-container\" ><input type=\"hidden\" name=\"wpforms[id]\" value=\"486\"><input type=\"hidden\" name=\"page_title\" value=\"\"><input type=\"hidden\" name=\"page_url\" value=\"https:\/\/quebecvelotaxi.com\/index.php?rest_route=\/wp\/v2\/pages\/3680\"><input type=\"hidden\" name=\"url_referer\" value=\"\"><button type=\"submit\" name=\"wpforms[submit]\" id=\"wpforms-submit-486\" class=\"wpforms-submit\" data-alt-text=\"Sending...\" data-submit-text=\"Submit\" aria-live=\"assertive\" value=\"wpforms-submit\">Submit<\/button><img loading=\"lazy\" decoding=\"async\" src=\"https:\/\/quebecvelotaxi.com\/wp-content\/plugins\/wpforms-lite\/assets\/images\/submit-spin.svg\" class=\"wpforms-submit-spinner\" style=\"display: none;\" width=\"26\" height=\"26\" alt=\"Loading\"><\/div><\/form><\/div>  <!-- .wpforms-container -->\t\t\t\t<\/div>\n\t\t\t\t<\/div>\n\t\t\t\t\t<\/div>\n\t\t<\/div>\n\t\t\t\t\t<\/div>\n\t\t<\/section>\n\t\t\t\t<\/div>\n\t\t","protected":false},"excerpt":{"rendered":"<p>INTERVIEWS EN CYCLO-POUSSE Interviews en cyclo-pousses est tr\u00e8s simple. Que ce soit pour un \u00e9v\u00e9nement personnel, corporatif, une annonce publicitaire, un documentaire ou un influenceur, nous savons adapter la conduite des cyclo-pousses pour que les meilleurs angles soient possibles pour le cam\u00e9raman. 418 655-5836 Please enable JavaScript in your browser to complete this form.Please enable [&hellip;]<\/p>\n","protected":false},"author":1,"featured_media":0,"parent":0,"menu_order":0,"comment_status":"closed","ping_status":"closed","template":"","meta":{"footnotes":""},"class_list":["post-3680","page","type-page","status-publish","hentry"],"yoast_head":"<!-- This site is optimized with the Yoast SEO plugin v27.5 - https:\/\/yoast.com\/product\/yoast-seo-wordpress\/ -->\n<title>Interview en cyclo-pousse - Quebec V\u00e9lo-Taxi<\/title>\n<meta name=\"robots\" content=\"index, follow, max-snippet:-1, max-image-preview:large, max-video-preview:-1\" \/>\n<link rel=\"canonical\" href=\"https:\/\/quebecvelotaxi.com\/?page_id=3680\" \/>\n<meta property=\"og:locale\" content=\"en_US\" \/>\n<meta property=\"og:type\" content=\"article\" \/>\n<meta property=\"og:title\" content=\"Interview en cyclo-pousse - Quebec V\u00e9lo-Taxi\" \/>\n<meta property=\"og:description\" content=\"INTERVIEWS EN CYCLO-POUSSE Interviews en cyclo-pousses est tr\u00e8s simple. Que ce soit pour un \u00e9v\u00e9nement personnel, corporatif, une annonce publicitaire, un documentaire ou un influenceur, nous savons adapter la conduite des cyclo-pousses pour que les meilleurs angles soient possibles pour le cam\u00e9raman. 418 655-5836 Please enable JavaScript in your browser to complete this form.Please enable [&hellip;]\" \/>\n<meta property=\"og:url\" content=\"https:\/\/quebecvelotaxi.com\/?page_id=3680\" \/>\n<meta property=\"og:site_name\" content=\"Quebec V\u00e9lo-Taxi\" \/>\n<meta property=\"article:publisher\" content=\"https:\/\/www.facebook.com\/QVTaxi\" \/>\n<meta property=\"article:modified_time\" content=\"2024-02-07T14:42:02+00:00\" \/>\n<meta property=\"og:image\" content=\"https:\/\/quebecvelotaxi.com\/wp-content\/uploads\/2024\/01\/Mountain-COOP.jpg\" \/>\n<meta name=\"twitter:card\" content=\"summary_large_image\" \/>\n<meta name=\"twitter:site\" content=\"@qvtaxi\" \/>\n<meta name=\"twitter:label1\" content=\"Est. reading time\" \/>\n\t<meta name=\"twitter:data1\" content=\"1 minute\" \/>\n<script type=\"application\/ld+json\" class=\"yoast-schema-graph\">{\"@context\":\"https:\\\/\\\/schema.org\",\"@graph\":[{\"@type\":\"WebPage\",\"@id\":\"https:\\\/\\\/quebecvelotaxi.com\\\/?page_id=3680\",\"url\":\"https:\\\/\\\/quebecvelotaxi.com\\\/?page_id=3680\",\"name\":\"Interview en cyclo-pousse - Quebec V\u00e9lo-Taxi\",\"isPartOf\":{\"@id\":\"https:\\\/\\\/quebecvelotaxi.com\\\/#website\"},\"primaryImageOfPage\":{\"@id\":\"https:\\\/\\\/quebecvelotaxi.com\\\/?page_id=3680#primaryimage\"},\"image\":{\"@id\":\"https:\\\/\\\/quebecvelotaxi.com\\\/?page_id=3680#primaryimage\"},\"thumbnailUrl\":\"https:\\\/\\\/quebecvelotaxi.com\\\/wp-content\\\/uploads\\\/2024\\\/01\\\/Mountain-COOP.jpg\",\"datePublished\":\"2024-01-25T17:16:33+00:00\",\"dateModified\":\"2024-02-07T14:42:02+00:00\",\"breadcrumb\":{\"@id\":\"https:\\\/\\\/quebecvelotaxi.com\\\/?page_id=3680#breadcrumb\"},\"inLanguage\":\"en-US\",\"potentialAction\":[{\"@type\":\"ReadAction\",\"target\":[\"https:\\\/\\\/quebecvelotaxi.com\\\/?page_id=3680\"]}]},{\"@type\":\"ImageObject\",\"inLanguage\":\"en-US\",\"@id\":\"https:\\\/\\\/quebecvelotaxi.com\\\/?page_id=3680#primaryimage\",\"url\":\"https:\\\/\\\/quebecvelotaxi.com\\\/wp-content\\\/uploads\\\/2024\\\/01\\\/Mountain-COOP.jpg\",\"contentUrl\":\"https:\\\/\\\/quebecvelotaxi.com\\\/wp-content\\\/uploads\\\/2024\\\/01\\\/Mountain-COOP.jpg\",\"width\":640,\"height\":480},{\"@type\":\"BreadcrumbList\",\"@id\":\"https:\\\/\\\/quebecvelotaxi.com\\\/?page_id=3680#breadcrumb\",\"itemListElement\":[{\"@type\":\"ListItem\",\"position\":1,\"name\":\"Home\",\"item\":\"https:\\\/\\\/quebecvelotaxi.com\\\/\"},{\"@type\":\"ListItem\",\"position\":2,\"name\":\"Interview en cyclo-pousse\"}]},{\"@type\":\"WebSite\",\"@id\":\"https:\\\/\\\/quebecvelotaxi.com\\\/#website\",\"url\":\"https:\\\/\\\/quebecvelotaxi.com\\\/\",\"name\":\"Quebec V\u00e9lo-Taxi\",\"description\":\"D\u00e9couvrez les myst\u00e8res de la Basse-Ville de Qu\u00e9bec\",\"publisher\":{\"@id\":\"https:\\\/\\\/quebecvelotaxi.com\\\/#organization\"},\"potentialAction\":[{\"@type\":\"SearchAction\",\"target\":{\"@type\":\"EntryPoint\",\"urlTemplate\":\"https:\\\/\\\/quebecvelotaxi.com\\\/?s={search_term_string}\"},\"query-input\":{\"@type\":\"PropertyValueSpecification\",\"valueRequired\":true,\"valueName\":\"search_term_string\"}}],\"inLanguage\":\"en-US\"},{\"@type\":\"Organization\",\"@id\":\"https:\\\/\\\/quebecvelotaxi.com\\\/#organization\",\"name\":\"Quebec V\u00e9lo-Taxi\",\"url\":\"https:\\\/\\\/quebecvelotaxi.com\\\/\",\"logo\":{\"@type\":\"ImageObject\",\"inLanguage\":\"en-US\",\"@id\":\"https:\\\/\\\/quebecvelotaxi.com\\\/#\\\/schema\\\/logo\\\/image\\\/\",\"url\":\"https:\\\/\\\/quebecvelotaxi.com\\\/wp-content\\\/uploads\\\/2024\\\/02\\\/1-Quebec-Velo-Taxi-version-finale.jpg\",\"contentUrl\":\"https:\\\/\\\/quebecvelotaxi.com\\\/wp-content\\\/uploads\\\/2024\\\/02\\\/1-Quebec-Velo-Taxi-version-finale.jpg\",\"width\":1265,\"height\":1265,\"caption\":\"Quebec V\u00e9lo-Taxi\"},\"image\":{\"@id\":\"https:\\\/\\\/quebecvelotaxi.com\\\/#\\\/schema\\\/logo\\\/image\\\/\"},\"sameAs\":[\"https:\\\/\\\/www.facebook.com\\\/QVTaxi\",\"https:\\\/\\\/x.com\\\/qvtaxi\",\"https:\\\/\\\/www.linkedin.com\\\/in\\\/gilbert-garcia-a1b1714a\\\/\"]}]}<\/script>\n<!-- \/ Yoast SEO plugin. -->","yoast_head_json":{"title":"Interview en cyclo-pousse - Quebec V\u00e9lo-Taxi","robots":{"index":"index","follow":"follow","max-snippet":"max-snippet:-1","max-image-preview":"max-image-preview:large","max-video-preview":"max-video-preview:-1"},"canonical":"https:\/\/quebecvelotaxi.com\/?page_id=3680","og_locale":"en_US","og_type":"article","og_title":"Interview en cyclo-pousse - Quebec V\u00e9lo-Taxi","og_description":"INTERVIEWS EN CYCLO-POUSSE Interviews en cyclo-pousses est tr\u00e8s simple. Que ce soit pour un \u00e9v\u00e9nement personnel, corporatif, une annonce publicitaire, un documentaire ou un influenceur, nous savons adapter la conduite des cyclo-pousses pour que les meilleurs angles soient possibles pour le cam\u00e9raman. 418 655-5836 Please enable JavaScript in your browser to complete this form.Please enable [&hellip;]","og_url":"https:\/\/quebecvelotaxi.com\/?page_id=3680","og_site_name":"Quebec V\u00e9lo-Taxi","article_publisher":"https:\/\/www.facebook.com\/QVTaxi","article_modified_time":"2024-02-07T14:42:02+00:00","og_image":[{"url":"https:\/\/quebecvelotaxi.com\/wp-content\/uploads\/2024\/01\/Mountain-COOP.jpg","type":"","width":"","height":""}],"twitter_card":"summary_large_image","twitter_site":"@qvtaxi","twitter_misc":{"Est. reading time":"1 minute"},"schema":{"@context":"https:\/\/schema.org","@graph":[{"@type":"WebPage","@id":"https:\/\/quebecvelotaxi.com\/?page_id=3680","url":"https:\/\/quebecvelotaxi.com\/?page_id=3680","name":"Interview en cyclo-pousse - Quebec V\u00e9lo-Taxi","isPartOf":{"@id":"https:\/\/quebecvelotaxi.com\/#website"},"primaryImageOfPage":{"@id":"https:\/\/quebecvelotaxi.com\/?page_id=3680#primaryimage"},"image":{"@id":"https:\/\/quebecvelotaxi.com\/?page_id=3680#primaryimage"},"thumbnailUrl":"https:\/\/quebecvelotaxi.com\/wp-content\/uploads\/2024\/01\/Mountain-COOP.jpg","datePublished":"2024-01-25T17:16:33+00:00","dateModified":"2024-02-07T14:42:02+00:00","breadcrumb":{"@id":"https:\/\/quebecvelotaxi.com\/?page_id=3680#breadcrumb"},"inLanguage":"en-US","potentialAction":[{"@type":"ReadAction","target":["https:\/\/quebecvelotaxi.com\/?page_id=3680"]}]},{"@type":"ImageObject","inLanguage":"en-US","@id":"https:\/\/quebecvelotaxi.com\/?page_id=3680#primaryimage","url":"https:\/\/quebecvelotaxi.com\/wp-content\/uploads\/2024\/01\/Mountain-COOP.jpg","contentUrl":"https:\/\/quebecvelotaxi.com\/wp-content\/uploads\/2024\/01\/Mountain-COOP.jpg","width":640,"height":480},{"@type":"BreadcrumbList","@id":"https:\/\/quebecvelotaxi.com\/?page_id=3680#breadcrumb","itemListElement":[{"@type":"ListItem","position":1,"name":"Home","item":"https:\/\/quebecvelotaxi.com\/"},{"@type":"ListItem","position":2,"name":"Interview en cyclo-pousse"}]},{"@type":"WebSite","@id":"https:\/\/quebecvelotaxi.com\/#website","url":"https:\/\/quebecvelotaxi.com\/","name":"Quebec V\u00e9lo-Taxi","description":"D\u00e9couvrez les myst\u00e8res de la Basse-Ville de Qu\u00e9bec","publisher":{"@id":"https:\/\/quebecvelotaxi.com\/#organization"},"potentialAction":[{"@type":"SearchAction","target":{"@type":"EntryPoint","urlTemplate":"https:\/\/quebecvelotaxi.com\/?s={search_term_string}"},"query-input":{"@type":"PropertyValueSpecification","valueRequired":true,"valueName":"search_term_string"}}],"inLanguage":"en-US"},{"@type":"Organization","@id":"https:\/\/quebecvelotaxi.com\/#organization","name":"Quebec V\u00e9lo-Taxi","url":"https:\/\/quebecvelotaxi.com\/","logo":{"@type":"ImageObject","inLanguage":"en-US","@id":"https:\/\/quebecvelotaxi.com\/#\/schema\/logo\/image\/","url":"https:\/\/quebecvelotaxi.com\/wp-content\/uploads\/2024\/02\/1-Quebec-Velo-Taxi-version-finale.jpg","contentUrl":"https:\/\/quebecvelotaxi.com\/wp-content\/uploads\/2024\/02\/1-Quebec-Velo-Taxi-version-finale.jpg","width":1265,"height":1265,"caption":"Quebec V\u00e9lo-Taxi"},"image":{"@id":"https:\/\/quebecvelotaxi.com\/#\/schema\/logo\/image\/"},"sameAs":["https:\/\/www.facebook.com\/QVTaxi","https:\/\/x.com\/qvtaxi","https:\/\/www.linkedin.com\/in\/gilbert-garcia-a1b1714a\/"]}]}},"_links":{"self":[{"href":"https:\/\/quebecvelotaxi.com\/index.php?rest_route=\/wp\/v2\/pages\/3680","targetHints":{"allow":["GET"]}}],"collection":[{"href":"https:\/\/quebecvelotaxi.com\/index.php?rest_route=\/wp\/v2\/pages"}],"about":[{"href":"https:\/\/quebecvelotaxi.com\/index.php?rest_route=\/wp\/v2\/types\/page"}],"author":[{"embeddable":true,"href":"https:\/\/quebecvelotaxi.com\/index.php?rest_route=\/wp\/v2\/users\/1"}],"replies":[{"embeddable":true,"href":"https:\/\/quebecvelotaxi.com\/index.php?rest_route=%2Fwp%2Fv2%2Fcomments&post=3680"}],"version-history":[{"count":19,"href":"https:\/\/quebecvelotaxi.com\/index.php?rest_route=\/wp\/v2\/pages\/3680\/revisions"}],"predecessor-version":[{"id":4744,"href":"https:\/\/quebecvelotaxi.com\/index.php?rest_route=\/wp\/v2\/pages\/3680\/revisions\/4744"}],"wp:attachment":[{"href":"https:\/\/quebecvelotaxi.com\/index.php?rest_route=%2Fwp%2Fv2%2Fmedia&parent=3680"}],"curies":[{"name":"wp","href":"https:\/\/api.w.org\/{rel}","templated":true}]}}