{"id":3873,"date":"2024-01-26T15:28:15","date_gmt":"2024-01-26T15:28:15","guid":{"rendered":"https:\/\/quebecvelotaxi.com\/?page_id=3873"},"modified":"2024-06-14T10:54:26","modified_gmt":"2024-06-14T10:54:26","slug":"elementor-3873","status":"publish","type":"page","link":"https:\/\/quebecvelotaxi.com\/?page_id=3873","title":{"rendered":"TOURS B"},"content":{"rendered":"\t\t<div data-elementor-type=\"wp-page\" data-elementor-id=\"3873\" class=\"elementor elementor-3873\">\n\t\t\t\t\t\t<section class=\"elementor-section elementor-top-section elementor-element elementor-element-eccf64b elementor-section-boxed elementor-section-height-default elementor-section-height-default\" data-id=\"eccf64b\" data-element_type=\"section\" data-e-type=\"section\">\n\t\t\t\t\t\t<div class=\"elementor-container elementor-column-gap-default\">\n\t\t\t\t\t<div class=\"elementor-column elementor-col-100 elementor-top-column elementor-element elementor-element-fc95717\" data-id=\"fc95717\" data-element_type=\"column\" data-e-type=\"column\">\n\t\t\t<div class=\"elementor-widget-wrap elementor-element-populated\">\n\t\t\t\t\t\t<div class=\"elementor-element elementor-element-b039874 elementor-widget elementor-widget-text-editor\" data-id=\"b039874\" data-element_type=\"widget\" data-e-type=\"widget\" data-widget_type=\"text-editor.default\">\n\t\t\t\t<div class=\"elementor-widget-container\">\n\t\t\t\t\t\t\t\t\t<h1 style=\"text-align: center;\">Les Tours B<\/h1>\t\t\t\t\t\t\t\t<\/div>\n\t\t\t\t<\/div>\n\t\t\t\t\t<\/div>\n\t\t<\/div>\n\t\t\t\t\t<\/div>\n\t\t<\/section>\n\t\t\t\t<section class=\"elementor-section elementor-top-section elementor-element elementor-element-8c1a02f elementor-section-boxed elementor-section-height-default elementor-section-height-default\" data-id=\"8c1a02f\" data-element_type=\"section\" data-e-type=\"section\">\n\t\t\t\t\t\t<div class=\"elementor-container elementor-column-gap-default\">\n\t\t\t\t\t<div class=\"elementor-column elementor-col-100 elementor-top-column elementor-element elementor-element-10c6cde\" data-id=\"10c6cde\" data-element_type=\"column\" data-e-type=\"column\">\n\t\t\t<div class=\"elementor-widget-wrap elementor-element-populated\">\n\t\t\t\t\t\t<div class=\"elementor-element elementor-element-81e2b36 elementor-widget elementor-widget-heading\" data-id=\"81e2b36\" data-element_type=\"widget\" data-e-type=\"widget\" data-widget_type=\"heading.default\">\n\t\t\t\t<div class=\"elementor-widget-container\">\n\t\t\t\t\t<h1 class=\"elementor-heading-title elementor-size-default\">Tour B 1<\/h1>\t\t\t\t<\/div>\n\t\t\t\t<\/div>\n\t\t\t\t<div class=\"elementor-element elementor-element-edf485c elementor-widget elementor-widget-text-editor\" data-id=\"edf485c\" data-element_type=\"widget\" data-e-type=\"widget\" data-widget_type=\"text-editor.default\">\n\t\t\t\t<div class=\"elementor-widget-container\">\n\t\t\t\t\t\t\t\t\t<h1 style=\"text-align: center;\">Vieux Qu\u00e9bec Basse-Ville&nbsp;<\/h1>\n<h1 style=\"text-align: center;\">et<\/h1>\n<h1 style=\"text-align: center;\">Nouvo Saint-Roch<br><\/h1>\t\t\t\t\t\t\t\t<\/div>\n\t\t\t\t<\/div>\n\t\t\t\t\t<\/div>\n\t\t<\/div>\n\t\t\t\t\t<\/div>\n\t\t<\/section>\n\t\t\t\t<section class=\"elementor-section elementor-top-section elementor-element elementor-element-f264024 elementor-section-boxed elementor-section-height-default elementor-section-height-default\" data-id=\"f264024\" data-element_type=\"section\" data-e-type=\"section\">\n\t\t\t\t\t\t<div class=\"elementor-container elementor-column-gap-default\">\n\t\t\t\t\t<div class=\"elementor-column elementor-col-50 elementor-top-column elementor-element elementor-element-758b223\" data-id=\"758b223\" data-element_type=\"column\" data-e-type=\"column\">\n\t\t\t<div class=\"elementor-widget-wrap elementor-element-populated\">\n\t\t\t\t\t\t<div class=\"elementor-element elementor-element-687cc05 elementor-widget elementor-widget-image\" data-id=\"687cc05\" data-element_type=\"widget\" data-e-type=\"widget\" data-widget_type=\"image.default\">\n\t\t\t\t<div class=\"elementor-widget-container\">\n\t\t\t\t\t\t\t\t\t\t\t\t\t\t\t<img fetchpriority=\"high\" decoding=\"async\" width=\"800\" height=\"600\" src=\"https:\/\/quebecvelotaxi.com\/wp-content\/uploads\/2024\/01\/1-Ville-de-Quebec-Fresque-des-Quebecois-1024x768.jpg\" class=\"attachment-large size-large wp-image-3890\" alt=\"\" srcset=\"https:\/\/quebecvelotaxi.com\/wp-content\/uploads\/2024\/01\/1-Ville-de-Quebec-Fresque-des-Quebecois-1024x768.jpg 1024w, https:\/\/quebecvelotaxi.com\/wp-content\/uploads\/2024\/01\/1-Ville-de-Quebec-Fresque-des-Quebecois-300x225.jpg 300w, https:\/\/quebecvelotaxi.com\/wp-content\/uploads\/2024\/01\/1-Ville-de-Quebec-Fresque-des-Quebecois-768x576.jpg 768w, https:\/\/quebecvelotaxi.com\/wp-content\/uploads\/2024\/01\/1-Ville-de-Quebec-Fresque-des-Quebecois.jpg 1080w\" sizes=\"(max-width: 800px) 100vw, 800px\" \/>\t\t\t\t\t\t\t\t\t\t\t\t\t\t\t<\/div>\n\t\t\t\t<\/div>\n\t\t\t\t\t<\/div>\n\t\t<\/div>\n\t\t\t\t<div class=\"elementor-column elementor-col-50 elementor-top-column elementor-element elementor-element-1138f62\" data-id=\"1138f62\" data-element_type=\"column\" data-e-type=\"column\">\n\t\t\t<div class=\"elementor-widget-wrap elementor-element-populated\">\n\t\t\t\t\t\t<div class=\"elementor-element elementor-element-64a79d2 elementor-widget elementor-widget-text-editor\" data-id=\"64a79d2\" data-element_type=\"widget\" data-e-type=\"widget\" data-widget_type=\"text-editor.default\">\n\t\t\t\t<div class=\"elementor-widget-container\">\n\t\t\t\t\t\t\t\t\t<h5 class=\"western\">Ce tour s\u2019adresse \u00e0 ceux et celles qui souhaitent d\u00e9couvrir l\u2019histoire de la fondation ainsi que l\u2019\u00e9volution urbaine et architecturale de ces deux quartiers.\u00a0<\/h5><h5 class=\"western\">Vous y d\u00e9couvrirez \u00e9galement plusieurs raisons qui vous pousseront \u00e0 prolonger votre s\u00e9jour parmi nous. Restaurants, boutiques, bars, caf\u00e9s, magasins, spectacles sont aussi vari\u00e9es que nombreux.\u00a0<\/h5><h5 class=\"western\">Prenez place pour une promenade riche en d\u00e9couvertes tout en vous offrant le temps n\u00e9cessaire pour ensuite savourer bien d\u2019autres choses.<\/h5>\t\t\t\t\t\t\t\t<\/div>\n\t\t\t\t<\/div>\n\t\t\t\t\t<\/div>\n\t\t<\/div>\n\t\t\t\t\t<\/div>\n\t\t<\/section>\n\t\t\t\t<section class=\"elementor-section elementor-top-section elementor-element elementor-element-9b407e9 elementor-section-boxed elementor-section-height-default elementor-section-height-default\" data-id=\"9b407e9\" data-element_type=\"section\" data-e-type=\"section\">\n\t\t\t\t\t\t<div class=\"elementor-container elementor-column-gap-default\">\n\t\t\t\t\t<div class=\"elementor-column elementor-col-100 elementor-top-column elementor-element elementor-element-4bbcad3\" data-id=\"4bbcad3\" data-element_type=\"column\" data-e-type=\"column\">\n\t\t\t<div class=\"elementor-widget-wrap elementor-element-populated\">\n\t\t\t\t\t\t<div class=\"elementor-element elementor-element-7c2eb0a elementor-align-right elementor-widget elementor-widget-button\" data-id=\"7c2eb0a\" data-element_type=\"widget\" data-e-type=\"widget\" data-widget_type=\"button.default\">\n\t\t\t\t<div class=\"elementor-widget-container\">\n\t\t\t\t\t\t\t\t\t<div class=\"elementor-button-wrapper\">\n\t\t\t\t\t<a class=\"elementor-button elementor-button-link elementor-size-sm\" href=\"https:\/\/quebecvelotaxi.com\/?page_id=3346\">\n\t\t\t\t\t\t<span class=\"elementor-button-content-wrapper\">\n\t\t\t\t\t\t\t\t\t<span class=\"elementor-button-text\">R\u00e9servez maintenant<\/span>\n\t\t\t\t\t<\/span>\n\t\t\t\t\t<\/a>\n\t\t\t\t<\/div>\n\t\t\t\t\t\t\t\t<\/div>\n\t\t\t\t<\/div>\n\t\t\t\t\t<\/div>\n\t\t<\/div>\n\t\t\t\t\t<\/div>\n\t\t<\/section>\n\t\t\t\t<section class=\"elementor-section elementor-top-section elementor-element elementor-element-ed8868c elementor-section-boxed elementor-section-height-default elementor-section-height-default\" data-id=\"ed8868c\" data-element_type=\"section\" data-e-type=\"section\">\n\t\t\t\t\t\t<div class=\"elementor-container elementor-column-gap-default\">\n\t\t\t\t\t<div class=\"elementor-column elementor-col-100 elementor-top-column elementor-element elementor-element-85359a3\" data-id=\"85359a3\" data-element_type=\"column\" data-e-type=\"column\">\n\t\t\t<div class=\"elementor-widget-wrap elementor-element-populated\">\n\t\t\t\t\t\t<div class=\"elementor-element elementor-element-0ce87cd elementor-widget elementor-widget-heading\" data-id=\"0ce87cd\" data-element_type=\"widget\" data-e-type=\"widget\" data-widget_type=\"heading.default\">\n\t\t\t\t<div class=\"elementor-widget-container\">\n\t\t\t\t\t<h1 class=\"elementor-heading-title elementor-size-default\">Tour B 2<\/h1>\t\t\t\t<\/div>\n\t\t\t\t<\/div>\n\t\t\t\t<div class=\"elementor-element elementor-element-379debc elementor-widget elementor-widget-text-editor\" data-id=\"379debc\" data-element_type=\"widget\" data-e-type=\"widget\" data-widget_type=\"text-editor.default\">\n\t\t\t\t<div class=\"elementor-widget-container\">\n\t\t\t\t\t\t\t\t\t<h1 style=\"text-align: center;\">Parc lin\u00e9aire de la rivi\u00e8re Saint-Charles<\/h1>\t\t\t\t\t\t\t\t<\/div>\n\t\t\t\t<\/div>\n\t\t\t\t\t<\/div>\n\t\t<\/div>\n\t\t\t\t\t<\/div>\n\t\t<\/section>\n\t\t\t\t<section class=\"elementor-section elementor-top-section elementor-element elementor-element-3fd55bf elementor-section-boxed elementor-section-height-default elementor-section-height-default\" data-id=\"3fd55bf\" data-element_type=\"section\" data-e-type=\"section\">\n\t\t\t\t\t\t<div class=\"elementor-container elementor-column-gap-default\">\n\t\t\t\t\t<div class=\"elementor-column elementor-col-50 elementor-top-column elementor-element elementor-element-a3312bd\" data-id=\"a3312bd\" data-element_type=\"column\" data-e-type=\"column\">\n\t\t\t<div class=\"elementor-widget-wrap elementor-element-populated\">\n\t\t\t\t\t\t<div class=\"elementor-element elementor-element-6796d6c elementor-widget elementor-widget-image\" data-id=\"6796d6c\" data-element_type=\"widget\" data-e-type=\"widget\" data-widget_type=\"image.default\">\n\t\t\t\t<div class=\"elementor-widget-container\">\n\t\t\t\t\t\t\t\t\t\t\t\t\t\t\t<img decoding=\"async\" width=\"800\" height=\"600\" src=\"https:\/\/quebecvelotaxi.com\/wp-content\/uploads\/2024\/01\/6-Canada-Lieu-historic-national-Cartier-Brebeuf-1024x768.jpg\" class=\"attachment-large size-large wp-image-3961\" alt=\"\" srcset=\"https:\/\/quebecvelotaxi.com\/wp-content\/uploads\/2024\/01\/6-Canada-Lieu-historic-national-Cartier-Brebeuf-1024x768.jpg 1024w, https:\/\/quebecvelotaxi.com\/wp-content\/uploads\/2024\/01\/6-Canada-Lieu-historic-national-Cartier-Brebeuf-300x225.jpg 300w, https:\/\/quebecvelotaxi.com\/wp-content\/uploads\/2024\/01\/6-Canada-Lieu-historic-national-Cartier-Brebeuf-768x576.jpg 768w, https:\/\/quebecvelotaxi.com\/wp-content\/uploads\/2024\/01\/6-Canada-Lieu-historic-national-Cartier-Brebeuf.jpg 1080w\" sizes=\"(max-width: 800px) 100vw, 800px\" \/>\t\t\t\t\t\t\t\t\t\t\t\t\t\t\t<\/div>\n\t\t\t\t<\/div>\n\t\t\t\t\t<\/div>\n\t\t<\/div>\n\t\t\t\t<div class=\"elementor-column elementor-col-50 elementor-top-column elementor-element elementor-element-93106f3\" data-id=\"93106f3\" data-element_type=\"column\" data-e-type=\"column\">\n\t\t\t<div class=\"elementor-widget-wrap elementor-element-populated\">\n\t\t\t\t\t\t<div class=\"elementor-element elementor-element-239a51a elementor-widget elementor-widget-text-editor\" data-id=\"239a51a\" data-element_type=\"widget\" data-e-type=\"widget\" data-widget_type=\"text-editor.default\">\n\t\t\t\t<div class=\"elementor-widget-container\">\n\t\t\t\t\t\t\t\t\t<h5 class=\"western\">Depuis que la ville de Qu\u00e9bec a investi dans la renaturalisation de la rivi\u00e8re Saint-Charles nous en sommes tous gagnant. Un parc urbain revamp\u00e9, une piste cyclable lisse, et le lieu du premier Fran\u00e7ais \u00e0 hiverner en Am\u00e9rique, le Parc Cartier Br\u00e9beuf.<\/h5><h5 class=\"western\">Alors, choisissez l&#8217;un des quartiers de la Basse-Ville et monter pour une promenade dans ce havre de paix en observant la nature prendre son \u00e9veil.<\/h5><h5 class=\"western\">Et bien s\u00fbr, un arr\u00eat \u00e0 la boulangerie la plus proche pour croissant et caf\u00e9. Quoi de mieux!<\/h5>\t\t\t\t\t\t\t\t<\/div>\n\t\t\t\t<\/div>\n\t\t\t\t\t<\/div>\n\t\t<\/div>\n\t\t\t\t\t<\/div>\n\t\t<\/section>\n\t\t\t\t<section class=\"elementor-section elementor-top-section elementor-element elementor-element-14bda69 elementor-section-boxed elementor-section-height-default elementor-section-height-default\" data-id=\"14bda69\" data-element_type=\"section\" data-e-type=\"section\">\n\t\t\t\t\t\t<div class=\"elementor-container elementor-column-gap-default\">\n\t\t\t\t\t<div class=\"elementor-column elementor-col-100 elementor-top-column elementor-element elementor-element-1ed1422\" data-id=\"1ed1422\" data-element_type=\"column\" data-e-type=\"column\">\n\t\t\t<div class=\"elementor-widget-wrap elementor-element-populated\">\n\t\t\t\t\t\t<div class=\"elementor-element elementor-element-baffa2a elementor-align-right elementor-widget elementor-widget-button\" data-id=\"baffa2a\" data-element_type=\"widget\" data-e-type=\"widget\" data-widget_type=\"button.default\">\n\t\t\t\t<div class=\"elementor-widget-container\">\n\t\t\t\t\t\t\t\t\t<div class=\"elementor-button-wrapper\">\n\t\t\t\t\t<a class=\"elementor-button elementor-button-link elementor-size-sm\" href=\"https:\/\/quebecvelotaxi.com\/?page_id=3386\">\n\t\t\t\t\t\t<span class=\"elementor-button-content-wrapper\">\n\t\t\t\t\t\t\t\t\t<span class=\"elementor-button-text\">R\u00e9servez maintenant<\/span>\n\t\t\t\t\t<\/span>\n\t\t\t\t\t<\/a>\n\t\t\t\t<\/div>\n\t\t\t\t\t\t\t\t<\/div>\n\t\t\t\t<\/div>\n\t\t\t\t\t<\/div>\n\t\t<\/div>\n\t\t\t\t\t<\/div>\n\t\t<\/section>\n\t\t\t\t<\/div>\n\t\t","protected":false},"excerpt":{"rendered":"<p>Les Tours B Tour B 1 Vieux Qu\u00e9bec Basse-Ville&nbsp; et Nouvo Saint-Roch Ce tour s\u2019adresse \u00e0 ceux et celles qui souhaitent d\u00e9couvrir l\u2019histoire de la fondation ainsi que l\u2019\u00e9volution urbaine et architecturale de ces deux quartiers.\u00a0 Vous y d\u00e9couvrirez \u00e9galement plusieurs raisons qui vous pousseront \u00e0 prolonger votre s\u00e9jour parmi nous. Restaurants, boutiques, bars, caf\u00e9s, [&hellip;]<\/p>\n","protected":false},"author":1,"featured_media":0,"parent":0,"menu_order":0,"comment_status":"closed","ping_status":"closed","template":"","meta":{"footnotes":""},"class_list":["post-3873","page","type-page","status-publish","hentry"],"yoast_head":"<!-- This site is optimized with the Yoast SEO plugin v27.5 - https:\/\/yoast.com\/product\/yoast-seo-wordpress\/ -->\n<title>TOURS B - Quebec V\u00e9lo-Taxi<\/title>\n<meta name=\"robots\" content=\"index, follow, max-snippet:-1, max-image-preview:large, max-video-preview:-1\" \/>\n<link rel=\"canonical\" href=\"https:\/\/quebecvelotaxi.com\/?page_id=3873\" \/>\n<meta property=\"og:locale\" content=\"en_US\" \/>\n<meta property=\"og:type\" content=\"article\" \/>\n<meta property=\"og:title\" content=\"TOURS B - Quebec V\u00e9lo-Taxi\" \/>\n<meta property=\"og:description\" content=\"Les Tours B Tour B 1 Vieux Qu\u00e9bec Basse-Ville&nbsp; et Nouvo Saint-Roch Ce tour s\u2019adresse \u00e0 ceux et celles qui souhaitent d\u00e9couvrir l\u2019histoire de la fondation ainsi que l\u2019\u00e9volution urbaine et architecturale de ces deux quartiers.\u00a0 Vous y d\u00e9couvrirez \u00e9galement plusieurs raisons qui vous pousseront \u00e0 prolonger votre s\u00e9jour parmi nous. Restaurants, boutiques, bars, caf\u00e9s, [&hellip;]\" \/>\n<meta property=\"og:url\" content=\"https:\/\/quebecvelotaxi.com\/?page_id=3873\" \/>\n<meta property=\"og:site_name\" content=\"Quebec V\u00e9lo-Taxi\" \/>\n<meta property=\"article:publisher\" content=\"https:\/\/www.facebook.com\/QVTaxi\" \/>\n<meta property=\"article:modified_time\" content=\"2024-06-14T10:54:26+00:00\" \/>\n<meta property=\"og:image\" content=\"https:\/\/quebecvelotaxi.com\/wp-content\/uploads\/2024\/01\/1-Ville-de-Quebec-Fresque-des-Quebecois-1024x768.jpg\" \/>\n<meta name=\"twitter:card\" content=\"summary_large_image\" \/>\n<meta name=\"twitter:site\" content=\"@qvtaxi\" \/>\n<meta name=\"twitter:label1\" content=\"Est. reading time\" \/>\n\t<meta name=\"twitter:data1\" content=\"2 minutes\" \/>\n<script type=\"application\/ld+json\" class=\"yoast-schema-graph\">{\"@context\":\"https:\\\/\\\/schema.org\",\"@graph\":[{\"@type\":\"WebPage\",\"@id\":\"https:\\\/\\\/quebecvelotaxi.com\\\/?page_id=3873\",\"url\":\"https:\\\/\\\/quebecvelotaxi.com\\\/?page_id=3873\",\"name\":\"TOURS B - Quebec V\u00e9lo-Taxi\",\"isPartOf\":{\"@id\":\"https:\\\/\\\/quebecvelotaxi.com\\\/#website\"},\"primaryImageOfPage\":{\"@id\":\"https:\\\/\\\/quebecvelotaxi.com\\\/?page_id=3873#primaryimage\"},\"image\":{\"@id\":\"https:\\\/\\\/quebecvelotaxi.com\\\/?page_id=3873#primaryimage\"},\"thumbnailUrl\":\"https:\\\/\\\/quebecvelotaxi.com\\\/wp-content\\\/uploads\\\/2024\\\/01\\\/1-Ville-de-Quebec-Fresque-des-Quebecois-1024x768.jpg\",\"datePublished\":\"2024-01-26T15:28:15+00:00\",\"dateModified\":\"2024-06-14T10:54:26+00:00\",\"breadcrumb\":{\"@id\":\"https:\\\/\\\/quebecvelotaxi.com\\\/?page_id=3873#breadcrumb\"},\"inLanguage\":\"en-US\",\"potentialAction\":[{\"@type\":\"ReadAction\",\"target\":[\"https:\\\/\\\/quebecvelotaxi.com\\\/?page_id=3873\"]}]},{\"@type\":\"ImageObject\",\"inLanguage\":\"en-US\",\"@id\":\"https:\\\/\\\/quebecvelotaxi.com\\\/?page_id=3873#primaryimage\",\"url\":\"https:\\\/\\\/quebecvelotaxi.com\\\/wp-content\\\/uploads\\\/2024\\\/01\\\/1-Ville-de-Quebec-Fresque-des-Quebecois.jpg\",\"contentUrl\":\"https:\\\/\\\/quebecvelotaxi.com\\\/wp-content\\\/uploads\\\/2024\\\/01\\\/1-Ville-de-Quebec-Fresque-des-Quebecois.jpg\",\"width\":1080,\"height\":810},{\"@type\":\"BreadcrumbList\",\"@id\":\"https:\\\/\\\/quebecvelotaxi.com\\\/?page_id=3873#breadcrumb\",\"itemListElement\":[{\"@type\":\"ListItem\",\"position\":1,\"name\":\"Home\",\"item\":\"https:\\\/\\\/quebecvelotaxi.com\\\/\"},{\"@type\":\"ListItem\",\"position\":2,\"name\":\"TOURS B\"}]},{\"@type\":\"WebSite\",\"@id\":\"https:\\\/\\\/quebecvelotaxi.com\\\/#website\",\"url\":\"https:\\\/\\\/quebecvelotaxi.com\\\/\",\"name\":\"Quebec V\u00e9lo-Taxi\",\"description\":\"D\u00e9couvrez les myst\u00e8res de la Basse-Ville de Qu\u00e9bec\",\"publisher\":{\"@id\":\"https:\\\/\\\/quebecvelotaxi.com\\\/#organization\"},\"potentialAction\":[{\"@type\":\"SearchAction\",\"target\":{\"@type\":\"EntryPoint\",\"urlTemplate\":\"https:\\\/\\\/quebecvelotaxi.com\\\/?s={search_term_string}\"},\"query-input\":{\"@type\":\"PropertyValueSpecification\",\"valueRequired\":true,\"valueName\":\"search_term_string\"}}],\"inLanguage\":\"en-US\"},{\"@type\":\"Organization\",\"@id\":\"https:\\\/\\\/quebecvelotaxi.com\\\/#organization\",\"name\":\"Quebec V\u00e9lo-Taxi\",\"url\":\"https:\\\/\\\/quebecvelotaxi.com\\\/\",\"logo\":{\"@type\":\"ImageObject\",\"inLanguage\":\"en-US\",\"@id\":\"https:\\\/\\\/quebecvelotaxi.com\\\/#\\\/schema\\\/logo\\\/image\\\/\",\"url\":\"https:\\\/\\\/quebecvelotaxi.com\\\/wp-content\\\/uploads\\\/2024\\\/02\\\/1-Quebec-Velo-Taxi-version-finale.jpg\",\"contentUrl\":\"https:\\\/\\\/quebecvelotaxi.com\\\/wp-content\\\/uploads\\\/2024\\\/02\\\/1-Quebec-Velo-Taxi-version-finale.jpg\",\"width\":1265,\"height\":1265,\"caption\":\"Quebec V\u00e9lo-Taxi\"},\"image\":{\"@id\":\"https:\\\/\\\/quebecvelotaxi.com\\\/#\\\/schema\\\/logo\\\/image\\\/\"},\"sameAs\":[\"https:\\\/\\\/www.facebook.com\\\/QVTaxi\",\"https:\\\/\\\/x.com\\\/qvtaxi\",\"https:\\\/\\\/www.linkedin.com\\\/in\\\/gilbert-garcia-a1b1714a\\\/\"]}]}<\/script>\n<!-- \/ Yoast SEO plugin. -->","yoast_head_json":{"title":"TOURS B - Quebec V\u00e9lo-Taxi","robots":{"index":"index","follow":"follow","max-snippet":"max-snippet:-1","max-image-preview":"max-image-preview:large","max-video-preview":"max-video-preview:-1"},"canonical":"https:\/\/quebecvelotaxi.com\/?page_id=3873","og_locale":"en_US","og_type":"article","og_title":"TOURS B - Quebec V\u00e9lo-Taxi","og_description":"Les Tours B Tour B 1 Vieux Qu\u00e9bec Basse-Ville&nbsp; et Nouvo Saint-Roch Ce tour s\u2019adresse \u00e0 ceux et celles qui souhaitent d\u00e9couvrir l\u2019histoire de la fondation ainsi que l\u2019\u00e9volution urbaine et architecturale de ces deux quartiers.\u00a0 Vous y d\u00e9couvrirez \u00e9galement plusieurs raisons qui vous pousseront \u00e0 prolonger votre s\u00e9jour parmi nous. Restaurants, boutiques, bars, caf\u00e9s, [&hellip;]","og_url":"https:\/\/quebecvelotaxi.com\/?page_id=3873","og_site_name":"Quebec V\u00e9lo-Taxi","article_publisher":"https:\/\/www.facebook.com\/QVTaxi","article_modified_time":"2024-06-14T10:54:26+00:00","og_image":[{"url":"https:\/\/quebecvelotaxi.com\/wp-content\/uploads\/2024\/01\/1-Ville-de-Quebec-Fresque-des-Quebecois-1024x768.jpg","type":"","width":"","height":""}],"twitter_card":"summary_large_image","twitter_site":"@qvtaxi","twitter_misc":{"Est. reading time":"2 minutes"},"schema":{"@context":"https:\/\/schema.org","@graph":[{"@type":"WebPage","@id":"https:\/\/quebecvelotaxi.com\/?page_id=3873","url":"https:\/\/quebecvelotaxi.com\/?page_id=3873","name":"TOURS B - Quebec V\u00e9lo-Taxi","isPartOf":{"@id":"https:\/\/quebecvelotaxi.com\/#website"},"primaryImageOfPage":{"@id":"https:\/\/quebecvelotaxi.com\/?page_id=3873#primaryimage"},"image":{"@id":"https:\/\/quebecvelotaxi.com\/?page_id=3873#primaryimage"},"thumbnailUrl":"https:\/\/quebecvelotaxi.com\/wp-content\/uploads\/2024\/01\/1-Ville-de-Quebec-Fresque-des-Quebecois-1024x768.jpg","datePublished":"2024-01-26T15:28:15+00:00","dateModified":"2024-06-14T10:54:26+00:00","breadcrumb":{"@id":"https:\/\/quebecvelotaxi.com\/?page_id=3873#breadcrumb"},"inLanguage":"en-US","potentialAction":[{"@type":"ReadAction","target":["https:\/\/quebecvelotaxi.com\/?page_id=3873"]}]},{"@type":"ImageObject","inLanguage":"en-US","@id":"https:\/\/quebecvelotaxi.com\/?page_id=3873#primaryimage","url":"https:\/\/quebecvelotaxi.com\/wp-content\/uploads\/2024\/01\/1-Ville-de-Quebec-Fresque-des-Quebecois.jpg","contentUrl":"https:\/\/quebecvelotaxi.com\/wp-content\/uploads\/2024\/01\/1-Ville-de-Quebec-Fresque-des-Quebecois.jpg","width":1080,"height":810},{"@type":"BreadcrumbList","@id":"https:\/\/quebecvelotaxi.com\/?page_id=3873#breadcrumb","itemListElement":[{"@type":"ListItem","position":1,"name":"Home","item":"https:\/\/quebecvelotaxi.com\/"},{"@type":"ListItem","position":2,"name":"TOURS B"}]},{"@type":"WebSite","@id":"https:\/\/quebecvelotaxi.com\/#website","url":"https:\/\/quebecvelotaxi.com\/","name":"Quebec V\u00e9lo-Taxi","description":"D\u00e9couvrez les myst\u00e8res de la Basse-Ville de Qu\u00e9bec","publisher":{"@id":"https:\/\/quebecvelotaxi.com\/#organization"},"potentialAction":[{"@type":"SearchAction","target":{"@type":"EntryPoint","urlTemplate":"https:\/\/quebecvelotaxi.com\/?s={search_term_string}"},"query-input":{"@type":"PropertyValueSpecification","valueRequired":true,"valueName":"search_term_string"}}],"inLanguage":"en-US"},{"@type":"Organization","@id":"https:\/\/quebecvelotaxi.com\/#organization","name":"Quebec V\u00e9lo-Taxi","url":"https:\/\/quebecvelotaxi.com\/","logo":{"@type":"ImageObject","inLanguage":"en-US","@id":"https:\/\/quebecvelotaxi.com\/#\/schema\/logo\/image\/","url":"https:\/\/quebecvelotaxi.com\/wp-content\/uploads\/2024\/02\/1-Quebec-Velo-Taxi-version-finale.jpg","contentUrl":"https:\/\/quebecvelotaxi.com\/wp-content\/uploads\/2024\/02\/1-Quebec-Velo-Taxi-version-finale.jpg","width":1265,"height":1265,"caption":"Quebec V\u00e9lo-Taxi"},"image":{"@id":"https:\/\/quebecvelotaxi.com\/#\/schema\/logo\/image\/"},"sameAs":["https:\/\/www.facebook.com\/QVTaxi","https:\/\/x.com\/qvtaxi","https:\/\/www.linkedin.com\/in\/gilbert-garcia-a1b1714a\/"]}]}},"_links":{"self":[{"href":"https:\/\/quebecvelotaxi.com\/index.php?rest_route=\/wp\/v2\/pages\/3873","targetHints":{"allow":["GET"]}}],"collection":[{"href":"https:\/\/quebecvelotaxi.com\/index.php?rest_route=\/wp\/v2\/pages"}],"about":[{"href":"https:\/\/quebecvelotaxi.com\/index.php?rest_route=\/wp\/v2\/types\/page"}],"author":[{"embeddable":true,"href":"https:\/\/quebecvelotaxi.com\/index.php?rest_route=\/wp\/v2\/users\/1"}],"replies":[{"embeddable":true,"href":"https:\/\/quebecvelotaxi.com\/index.php?rest_route=%2Fwp%2Fv2%2Fcomments&post=3873"}],"version-history":[{"count":59,"href":"https:\/\/quebecvelotaxi.com\/index.php?rest_route=\/wp\/v2\/pages\/3873\/revisions"}],"predecessor-version":[{"id":5021,"href":"https:\/\/quebecvelotaxi.com\/index.php?rest_route=\/wp\/v2\/pages\/3873\/revisions\/5021"}],"wp:attachment":[{"href":"https:\/\/quebecvelotaxi.com\/index.php?rest_route=%2Fwp%2Fv2%2Fmedia&parent=3873"}],"curies":[{"name":"wp","href":"https:\/\/api.w.org\/{rel}","templated":true}]}}