{"id":4293,"date":"2024-01-28T18:20:14","date_gmt":"2024-01-28T18:20:14","guid":{"rendered":"https:\/\/quebecvelotaxi.com\/?page_id=4293"},"modified":"2024-02-06T22:44:10","modified_gmt":"2024-02-06T22:44:10","slug":"eco-taxi-2","status":"publish","type":"page","link":"https:\/\/quebecvelotaxi.com\/?page_id=4293","title":{"rendered":"\u00c9co-Taxi"},"content":{"rendered":"\t\t<div data-elementor-type=\"wp-page\" data-elementor-id=\"4293\" class=\"elementor elementor-4293\">\n\t\t\t\t\t\t<section class=\"elementor-section elementor-top-section elementor-element elementor-element-1f01426e elementor-section-boxed elementor-section-height-default elementor-section-height-default\" data-id=\"1f01426e\" data-element_type=\"section\" data-e-type=\"section\">\n\t\t\t\t\t\t<div class=\"elementor-container elementor-column-gap-default\">\n\t\t\t\t\t<div class=\"elementor-column elementor-col-50 elementor-top-column elementor-element elementor-element-62b0e636\" data-id=\"62b0e636\" data-element_type=\"column\" data-e-type=\"column\">\n\t\t\t<div class=\"elementor-widget-wrap elementor-element-populated\">\n\t\t\t\t\t\t<div class=\"elementor-element elementor-element-5b8e5a76 elementor-widget elementor-widget-text-editor\" data-id=\"5b8e5a76\" data-element_type=\"widget\" data-e-type=\"widget\" data-widget_type=\"text-editor.default\">\n\t\t\t\t<div class=\"elementor-widget-container\">\n\t\t\t\t\t\t\t\t\t<h3 class=\"western\" style=\"text-align: center;\" align=\"LEFT\">Qu\u00e9bec V\u00e9lo-Taxi est le seul prestataire de services de taxi ax\u00e9 sur la mobilit\u00e9 durable dans la Basse-Ville de Qu\u00e9bec.<\/h3><h3>\u00a0<\/h3><h3 class=\"western\" style=\"text-align: center;\">Nous offrons le service d&#8217;\u00c9co-Taxi dans les quatre quartiers de la Basse-Ville de Qu\u00e9bec.<\/h3><h3>\u00a0<\/h3><h3 class=\"western\" style=\"text-align: center;\">Que ce soit pour vous rendre \u00e0 un h\u00f4tel, un mus\u00e9e, un restaurant ou au funiculaire, transformez votre trajet en une exp\u00e9rience touristique unique.<\/h3><h3 style=\"text-align: center;\">\u00a0<\/h3>\t\t\t\t\t\t\t\t<\/div>\n\t\t\t\t<\/div>\n\t\t\t\t\t<\/div>\n\t\t<\/div>\n\t\t\t\t<div class=\"elementor-column elementor-col-50 elementor-top-column elementor-element elementor-element-4bbfa6b8\" data-id=\"4bbfa6b8\" data-element_type=\"column\" data-e-type=\"column\">\n\t\t\t<div class=\"elementor-widget-wrap elementor-element-populated\">\n\t\t\t\t\t\t<div class=\"elementor-element elementor-element-7c223e4 elementor-widget elementor-widget-image\" data-id=\"7c223e4\" data-element_type=\"widget\" data-e-type=\"widget\" data-widget_type=\"image.default\">\n\t\t\t\t<div class=\"elementor-widget-container\">\n\t\t\t\t\t\t\t\t\t\t\t\t\t\t\t<img fetchpriority=\"high\" decoding=\"async\" width=\"768\" height=\"1024\" src=\"https:\/\/quebecvelotaxi.com\/wp-content\/uploads\/2024\/01\/IMG_2976-768x1024.jpeg\" class=\"attachment-large size-large wp-image-4305\" alt=\"\" srcset=\"https:\/\/quebecvelotaxi.com\/wp-content\/uploads\/2024\/01\/IMG_2976-768x1024.jpeg 768w, https:\/\/quebecvelotaxi.com\/wp-content\/uploads\/2024\/01\/IMG_2976-225x300.jpeg 225w, https:\/\/quebecvelotaxi.com\/wp-content\/uploads\/2024\/01\/IMG_2976-1152x1536.jpeg 1152w, https:\/\/quebecvelotaxi.com\/wp-content\/uploads\/2024\/01\/IMG_2976.jpeg 1536w\" sizes=\"(max-width: 768px) 100vw, 768px\" \/>\t\t\t\t\t\t\t\t\t\t\t\t\t\t\t<\/div>\n\t\t\t\t<\/div>\n\t\t\t\t\t<\/div>\n\t\t<\/div>\n\t\t\t\t\t<\/div>\n\t\t<\/section>\n\t\t\t\t<section class=\"elementor-section elementor-top-section elementor-element elementor-element-989917c elementor-section-boxed elementor-section-height-default elementor-section-height-default\" data-id=\"989917c\" data-element_type=\"section\" data-e-type=\"section\">\n\t\t\t\t\t\t<div class=\"elementor-container elementor-column-gap-default\">\n\t\t\t\t\t<div class=\"elementor-column elementor-col-50 elementor-top-column elementor-element elementor-element-075c8d8\" data-id=\"075c8d8\" data-element_type=\"column\" data-e-type=\"column\">\n\t\t\t<div class=\"elementor-widget-wrap elementor-element-populated\">\n\t\t\t\t\t\t<div class=\"elementor-element elementor-element-50f4ddd elementor-widget elementor-widget-text-editor\" data-id=\"50f4ddd\" data-element_type=\"widget\" data-e-type=\"widget\" data-widget_type=\"text-editor.default\">\n\t\t\t\t<div class=\"elementor-widget-container\">\n\t\t\t\t\t\t\t\t\t<h2 style=\"text-align: center;\">Les H\u00f4tels<\/h2>\t\t\t\t\t\t\t\t<\/div>\n\t\t\t\t<\/div>\n\t\t\t\t<div class=\"elementor-element elementor-element-8ad071d elementor-widget elementor-widget-text-editor\" data-id=\"8ad071d\" data-element_type=\"widget\" data-e-type=\"widget\" data-widget_type=\"text-editor.default\">\n\t\t\t\t<div class=\"elementor-widget-container\">\n\t\t\t\t\t\t\t\t\t<h4 class=\"western\" style=\"text-align: center;\" align=\"LEFT\">Notre \u00c9co-Taxi dessert les h\u00f4tels, les B&amp;B et autres types d&#8217;h\u00e9bergements situ\u00e9s dans les quartiers de la Basse-Ville de Qu\u00e9bec.<\/h4><h4 class=\"western\" style=\"text-align: center;\" align=\"LEFT\">\u00a0<\/h4><h4 class=\"western\" style=\"text-align: center;\" align=\"LEFT\">D\u00e9couvrez les h\u00e9bergements que nous desservons.<\/h4>\t\t\t\t\t\t\t\t<\/div>\n\t\t\t\t<\/div>\n\t\t\t\t\t<\/div>\n\t\t<\/div>\n\t\t\t\t<div class=\"elementor-column elementor-col-50 elementor-top-column elementor-element elementor-element-85d2ddb\" data-id=\"85d2ddb\" data-element_type=\"column\" data-e-type=\"column\">\n\t\t\t<div class=\"elementor-widget-wrap elementor-element-populated\">\n\t\t\t\t\t\t<div class=\"elementor-element elementor-element-2311c02 elementor-widget elementor-widget-image\" data-id=\"2311c02\" data-element_type=\"widget\" data-e-type=\"widget\" data-widget_type=\"image.default\">\n\t\t\t\t<div class=\"elementor-widget-container\">\n\t\t\t\t\t\t\t\t\t\t\t\t\t\t\t<img decoding=\"async\" width=\"800\" height=\"600\" src=\"https:\/\/quebecvelotaxi.com\/wp-content\/uploads\/2024\/01\/7-Place-de-la-FAO-1024x768.jpg\" class=\"attachment-large size-large wp-image-3124\" alt=\"Ville de Qu\u00e9bec avec la Place de la FAO et ces anciennes banques.\" srcset=\"https:\/\/quebecvelotaxi.com\/wp-content\/uploads\/2024\/01\/7-Place-de-la-FAO-1024x768.jpg 1024w, https:\/\/quebecvelotaxi.com\/wp-content\/uploads\/2024\/01\/7-Place-de-la-FAO-300x225.jpg 300w, https:\/\/quebecvelotaxi.com\/wp-content\/uploads\/2024\/01\/7-Place-de-la-FAO-768x576.jpg 768w, https:\/\/quebecvelotaxi.com\/wp-content\/uploads\/2024\/01\/7-Place-de-la-FAO.jpg 1080w\" sizes=\"(max-width: 800px) 100vw, 800px\" \/>\t\t\t\t\t\t\t\t\t\t\t\t\t\t\t<\/div>\n\t\t\t\t<\/div>\n\t\t\t\t\t<\/div>\n\t\t<\/div>\n\t\t\t\t\t<\/div>\n\t\t<\/section>\n\t\t\t\t<section class=\"elementor-section elementor-top-section elementor-element elementor-element-e86651b elementor-section-boxed elementor-section-height-default elementor-section-height-default\" data-id=\"e86651b\" data-element_type=\"section\" data-e-type=\"section\">\n\t\t\t\t\t\t<div class=\"elementor-container elementor-column-gap-default\">\n\t\t\t\t\t<div class=\"elementor-column elementor-col-100 elementor-top-column elementor-element elementor-element-9bddb29\" data-id=\"9bddb29\" data-element_type=\"column\" data-e-type=\"column\">\n\t\t\t<div class=\"elementor-widget-wrap elementor-element-populated\">\n\t\t\t\t\t\t<div class=\"elementor-element elementor-element-9b10ddc elementor-align-right elementor-widget elementor-widget-button\" data-id=\"9b10ddc\" data-element_type=\"widget\" data-e-type=\"widget\" data-widget_type=\"button.default\">\n\t\t\t\t<div class=\"elementor-widget-container\">\n\t\t\t\t\t\t\t\t\t<div class=\"elementor-button-wrapper\">\n\t\t\t\t\t<a class=\"elementor-button elementor-button-link elementor-size-sm\" href=\"https:\/\/quebecvelotaxi.com\/?page_id=142\">\n\t\t\t\t\t\t<span class=\"elementor-button-content-wrapper\">\n\t\t\t\t\t\t\t\t\t<span class=\"elementor-button-text\">D\u00e9couvrir<\/span>\n\t\t\t\t\t<\/span>\n\t\t\t\t\t<\/a>\n\t\t\t\t<\/div>\n\t\t\t\t\t\t\t\t<\/div>\n\t\t\t\t<\/div>\n\t\t\t\t\t<\/div>\n\t\t<\/div>\n\t\t\t\t\t<\/div>\n\t\t<\/section>\n\t\t\t\t<section class=\"elementor-section elementor-top-section elementor-element elementor-element-a7b82b3 elementor-section-boxed elementor-section-height-default elementor-section-height-default\" data-id=\"a7b82b3\" data-element_type=\"section\" data-e-type=\"section\">\n\t\t\t\t\t\t<div class=\"elementor-container elementor-column-gap-default\">\n\t\t\t\t\t<div class=\"elementor-column elementor-col-50 elementor-top-column elementor-element elementor-element-13dc979\" data-id=\"13dc979\" data-element_type=\"column\" data-e-type=\"column\">\n\t\t\t<div class=\"elementor-widget-wrap elementor-element-populated\">\n\t\t\t\t\t\t<div class=\"elementor-element elementor-element-0513263 elementor-widget elementor-widget-text-editor\" data-id=\"0513263\" data-element_type=\"widget\" data-e-type=\"widget\" data-widget_type=\"text-editor.default\">\n\t\t\t\t<div class=\"elementor-widget-container\">\n\t\t\t\t\t\t\t\t\t<h2 style=\"text-align: center;\">Expo-Cit\u00e9<\/h2>\t\t\t\t\t\t\t\t<\/div>\n\t\t\t\t<\/div>\n\t\t\t\t<div class=\"elementor-element elementor-element-11954a2 elementor-widget elementor-widget-text-editor\" data-id=\"11954a2\" data-element_type=\"widget\" data-e-type=\"widget\" data-widget_type=\"text-editor.default\">\n\t\t\t\t<div class=\"elementor-widget-container\">\n\t\t\t\t\t\t\t\t\t<h4 class=\"western\" style=\"text-align: center;\" align=\"LEFT\">Actuellement, Expo-Cit\u00e9 est le plus grand site \u00e9v\u00e9nementiel dans l&#8217;est du Canada, et nous sommes bien plac\u00e9s pour en parler.<\/h4><h4 class=\"western\" style=\"text-align: center;\" align=\"LEFT\">De nombreux visiteurs nous ont fait confiance pour s&#8217;y rendre, et ils ont \u00e9t\u00e9 plus que surpris.<\/h4>\t\t\t\t\t\t\t\t<\/div>\n\t\t\t\t<\/div>\n\t\t\t\t\t<\/div>\n\t\t<\/div>\n\t\t\t\t<div class=\"elementor-column elementor-col-50 elementor-top-column elementor-element elementor-element-f656ad6\" data-id=\"f656ad6\" data-element_type=\"column\" data-e-type=\"column\">\n\t\t\t<div class=\"elementor-widget-wrap elementor-element-populated\">\n\t\t\t\t\t\t<div class=\"elementor-element elementor-element-ccef7fc elementor-widget elementor-widget-image\" data-id=\"ccef7fc\" data-element_type=\"widget\" data-e-type=\"widget\" data-widget_type=\"image.default\">\n\t\t\t\t<div class=\"elementor-widget-container\">\n\t\t\t\t\t\t\t\t\t\t\t\t\t\t\t<img decoding=\"async\" width=\"800\" height=\"600\" src=\"https:\/\/quebecvelotaxi.com\/wp-content\/uploads\/2024\/01\/Expo-Cite-Centre-Videotron-1024x768.jpg\" class=\"attachment-large size-large wp-image-4449\" alt=\"\" srcset=\"https:\/\/quebecvelotaxi.com\/wp-content\/uploads\/2024\/01\/Expo-Cite-Centre-Videotron-1024x768.jpg 1024w, https:\/\/quebecvelotaxi.com\/wp-content\/uploads\/2024\/01\/Expo-Cite-Centre-Videotron-300x225.jpg 300w, https:\/\/quebecvelotaxi.com\/wp-content\/uploads\/2024\/01\/Expo-Cite-Centre-Videotron-768x576.jpg 768w, https:\/\/quebecvelotaxi.com\/wp-content\/uploads\/2024\/01\/Expo-Cite-Centre-Videotron-1536x1152.jpg 1536w, https:\/\/quebecvelotaxi.com\/wp-content\/uploads\/2024\/01\/Expo-Cite-Centre-Videotron-2048x1536.jpg 2048w\" sizes=\"(max-width: 800px) 100vw, 800px\" \/>\t\t\t\t\t\t\t\t\t\t\t\t\t\t\t<\/div>\n\t\t\t\t<\/div>\n\t\t\t\t\t<\/div>\n\t\t<\/div>\n\t\t\t\t\t<\/div>\n\t\t<\/section>\n\t\t\t\t<section class=\"elementor-section elementor-top-section elementor-element elementor-element-4a297f2 elementor-section-boxed elementor-section-height-default elementor-section-height-default\" data-id=\"4a297f2\" data-element_type=\"section\" data-e-type=\"section\">\n\t\t\t\t\t\t<div class=\"elementor-container elementor-column-gap-default\">\n\t\t\t\t\t<div class=\"elementor-column elementor-col-100 elementor-top-column elementor-element elementor-element-94ad99d\" data-id=\"94ad99d\" data-element_type=\"column\" data-e-type=\"column\">\n\t\t\t<div class=\"elementor-widget-wrap elementor-element-populated\">\n\t\t\t\t\t\t<div class=\"elementor-element elementor-element-6eccecd elementor-align-right elementor-widget elementor-widget-button\" data-id=\"6eccecd\" data-element_type=\"widget\" data-e-type=\"widget\" data-widget_type=\"button.default\">\n\t\t\t\t<div class=\"elementor-widget-container\">\n\t\t\t\t\t\t\t\t\t<div class=\"elementor-button-wrapper\">\n\t\t\t\t\t<a class=\"elementor-button elementor-button-link elementor-size-sm\" href=\"https:\/\/quebecvelotaxi.com\/?page_id=4553\">\n\t\t\t\t\t\t<span class=\"elementor-button-content-wrapper\">\n\t\t\t\t\t\t\t\t\t<span class=\"elementor-button-text\">D\u00e9couvrir<\/span>\n\t\t\t\t\t<\/span>\n\t\t\t\t\t<\/a>\n\t\t\t\t<\/div>\n\t\t\t\t\t\t\t\t<\/div>\n\t\t\t\t<\/div>\n\t\t\t\t\t<\/div>\n\t\t<\/div>\n\t\t\t\t\t<\/div>\n\t\t<\/section>\n\t\t\t\t<\/div>\n\t\t","protected":false},"excerpt":{"rendered":"<p>Qu\u00e9bec V\u00e9lo-Taxi est le seul prestataire de services de taxi ax\u00e9 sur la mobilit\u00e9 durable dans la Basse-Ville de Qu\u00e9bec. \u00a0 Nous offrons le service d&#8217;\u00c9co-Taxi dans les quatre quartiers de la Basse-Ville de Qu\u00e9bec. \u00a0 Que ce soit pour vous rendre \u00e0 un h\u00f4tel, un mus\u00e9e, un restaurant ou au funiculaire, transformez votre trajet [&hellip;]<\/p>\n","protected":false},"author":1,"featured_media":0,"parent":0,"menu_order":0,"comment_status":"closed","ping_status":"closed","template":"","meta":{"footnotes":""},"class_list":["post-4293","page","type-page","status-publish","hentry"],"yoast_head":"<!-- This site is optimized with the Yoast SEO plugin v27.5 - https:\/\/yoast.com\/product\/yoast-seo-wordpress\/ -->\n<title>\u00c9co-Taxi - Quebec V\u00e9lo-Taxi<\/title>\n<meta name=\"robots\" content=\"index, follow, max-snippet:-1, max-image-preview:large, max-video-preview:-1\" \/>\n<link rel=\"canonical\" href=\"https:\/\/quebecvelotaxi.com\/?page_id=4293\" \/>\n<meta property=\"og:locale\" content=\"en_US\" \/>\n<meta property=\"og:type\" content=\"article\" \/>\n<meta property=\"og:title\" content=\"\u00c9co-Taxi - Quebec V\u00e9lo-Taxi\" \/>\n<meta property=\"og:description\" content=\"Qu\u00e9bec V\u00e9lo-Taxi est le seul prestataire de services de taxi ax\u00e9 sur la mobilit\u00e9 durable dans la Basse-Ville de Qu\u00e9bec. \u00a0 Nous offrons le service d&#8217;\u00c9co-Taxi dans les quatre quartiers de la Basse-Ville de Qu\u00e9bec. \u00a0 Que ce soit pour vous rendre \u00e0 un h\u00f4tel, un mus\u00e9e, un restaurant ou au funiculaire, transformez votre trajet [&hellip;]\" \/>\n<meta property=\"og:url\" content=\"https:\/\/quebecvelotaxi.com\/?page_id=4293\" \/>\n<meta property=\"og:site_name\" content=\"Quebec V\u00e9lo-Taxi\" \/>\n<meta property=\"article:publisher\" content=\"https:\/\/www.facebook.com\/QVTaxi\" \/>\n<meta property=\"article:modified_time\" content=\"2024-02-06T22:44:10+00:00\" \/>\n<meta property=\"og:image\" content=\"https:\/\/quebecvelotaxi.com\/wp-content\/uploads\/2024\/01\/IMG_2976-768x1024.jpeg\" \/>\n<meta name=\"twitter:card\" content=\"summary_large_image\" \/>\n<meta name=\"twitter:site\" content=\"@qvtaxi\" \/>\n<meta name=\"twitter:label1\" content=\"Est. reading time\" \/>\n\t<meta name=\"twitter:data1\" content=\"1 minute\" \/>\n<script type=\"application\/ld+json\" class=\"yoast-schema-graph\">{\"@context\":\"https:\\\/\\\/schema.org\",\"@graph\":[{\"@type\":\"WebPage\",\"@id\":\"https:\\\/\\\/quebecvelotaxi.com\\\/?page_id=4293\",\"url\":\"https:\\\/\\\/quebecvelotaxi.com\\\/?page_id=4293\",\"name\":\"\u00c9co-Taxi - Quebec V\u00e9lo-Taxi\",\"isPartOf\":{\"@id\":\"https:\\\/\\\/quebecvelotaxi.com\\\/#website\"},\"primaryImageOfPage\":{\"@id\":\"https:\\\/\\\/quebecvelotaxi.com\\\/?page_id=4293#primaryimage\"},\"image\":{\"@id\":\"https:\\\/\\\/quebecvelotaxi.com\\\/?page_id=4293#primaryimage\"},\"thumbnailUrl\":\"https:\\\/\\\/quebecvelotaxi.com\\\/wp-content\\\/uploads\\\/2024\\\/01\\\/IMG_2976-768x1024.jpeg\",\"datePublished\":\"2024-01-28T18:20:14+00:00\",\"dateModified\":\"2024-02-06T22:44:10+00:00\",\"breadcrumb\":{\"@id\":\"https:\\\/\\\/quebecvelotaxi.com\\\/?page_id=4293#breadcrumb\"},\"inLanguage\":\"en-US\",\"potentialAction\":[{\"@type\":\"ReadAction\",\"target\":[\"https:\\\/\\\/quebecvelotaxi.com\\\/?page_id=4293\"]}]},{\"@type\":\"ImageObject\",\"inLanguage\":\"en-US\",\"@id\":\"https:\\\/\\\/quebecvelotaxi.com\\\/?page_id=4293#primaryimage\",\"url\":\"https:\\\/\\\/quebecvelotaxi.com\\\/wp-content\\\/uploads\\\/2024\\\/01\\\/IMG_2976.jpeg\",\"contentUrl\":\"https:\\\/\\\/quebecvelotaxi.com\\\/wp-content\\\/uploads\\\/2024\\\/01\\\/IMG_2976.jpeg\",\"width\":1536,\"height\":2048},{\"@type\":\"BreadcrumbList\",\"@id\":\"https:\\\/\\\/quebecvelotaxi.com\\\/?page_id=4293#breadcrumb\",\"itemListElement\":[{\"@type\":\"ListItem\",\"position\":1,\"name\":\"Home\",\"item\":\"https:\\\/\\\/quebecvelotaxi.com\\\/\"},{\"@type\":\"ListItem\",\"position\":2,\"name\":\"\u00c9co-Taxi\"}]},{\"@type\":\"WebSite\",\"@id\":\"https:\\\/\\\/quebecvelotaxi.com\\\/#website\",\"url\":\"https:\\\/\\\/quebecvelotaxi.com\\\/\",\"name\":\"Quebec V\u00e9lo-Taxi\",\"description\":\"D\u00e9couvrez les myst\u00e8res de la Basse-Ville de Qu\u00e9bec\",\"publisher\":{\"@id\":\"https:\\\/\\\/quebecvelotaxi.com\\\/#organization\"},\"potentialAction\":[{\"@type\":\"SearchAction\",\"target\":{\"@type\":\"EntryPoint\",\"urlTemplate\":\"https:\\\/\\\/quebecvelotaxi.com\\\/?s={search_term_string}\"},\"query-input\":{\"@type\":\"PropertyValueSpecification\",\"valueRequired\":true,\"valueName\":\"search_term_string\"}}],\"inLanguage\":\"en-US\"},{\"@type\":\"Organization\",\"@id\":\"https:\\\/\\\/quebecvelotaxi.com\\\/#organization\",\"name\":\"Quebec V\u00e9lo-Taxi\",\"url\":\"https:\\\/\\\/quebecvelotaxi.com\\\/\",\"logo\":{\"@type\":\"ImageObject\",\"inLanguage\":\"en-US\",\"@id\":\"https:\\\/\\\/quebecvelotaxi.com\\\/#\\\/schema\\\/logo\\\/image\\\/\",\"url\":\"https:\\\/\\\/quebecvelotaxi.com\\\/wp-content\\\/uploads\\\/2024\\\/02\\\/1-Quebec-Velo-Taxi-version-finale.jpg\",\"contentUrl\":\"https:\\\/\\\/quebecvelotaxi.com\\\/wp-content\\\/uploads\\\/2024\\\/02\\\/1-Quebec-Velo-Taxi-version-finale.jpg\",\"width\":1265,\"height\":1265,\"caption\":\"Quebec V\u00e9lo-Taxi\"},\"image\":{\"@id\":\"https:\\\/\\\/quebecvelotaxi.com\\\/#\\\/schema\\\/logo\\\/image\\\/\"},\"sameAs\":[\"https:\\\/\\\/www.facebook.com\\\/QVTaxi\",\"https:\\\/\\\/x.com\\\/qvtaxi\",\"https:\\\/\\\/www.linkedin.com\\\/in\\\/gilbert-garcia-a1b1714a\\\/\"]}]}<\/script>\n<!-- \/ Yoast SEO plugin. -->","yoast_head_json":{"title":"\u00c9co-Taxi - Quebec V\u00e9lo-Taxi","robots":{"index":"index","follow":"follow","max-snippet":"max-snippet:-1","max-image-preview":"max-image-preview:large","max-video-preview":"max-video-preview:-1"},"canonical":"https:\/\/quebecvelotaxi.com\/?page_id=4293","og_locale":"en_US","og_type":"article","og_title":"\u00c9co-Taxi - Quebec V\u00e9lo-Taxi","og_description":"Qu\u00e9bec V\u00e9lo-Taxi est le seul prestataire de services de taxi ax\u00e9 sur la mobilit\u00e9 durable dans la Basse-Ville de Qu\u00e9bec. \u00a0 Nous offrons le service d&#8217;\u00c9co-Taxi dans les quatre quartiers de la Basse-Ville de Qu\u00e9bec. \u00a0 Que ce soit pour vous rendre \u00e0 un h\u00f4tel, un mus\u00e9e, un restaurant ou au funiculaire, transformez votre trajet [&hellip;]","og_url":"https:\/\/quebecvelotaxi.com\/?page_id=4293","og_site_name":"Quebec V\u00e9lo-Taxi","article_publisher":"https:\/\/www.facebook.com\/QVTaxi","article_modified_time":"2024-02-06T22:44:10+00:00","og_image":[{"url":"https:\/\/quebecvelotaxi.com\/wp-content\/uploads\/2024\/01\/IMG_2976-768x1024.jpeg","type":"","width":"","height":""}],"twitter_card":"summary_large_image","twitter_site":"@qvtaxi","twitter_misc":{"Est. reading time":"1 minute"},"schema":{"@context":"https:\/\/schema.org","@graph":[{"@type":"WebPage","@id":"https:\/\/quebecvelotaxi.com\/?page_id=4293","url":"https:\/\/quebecvelotaxi.com\/?page_id=4293","name":"\u00c9co-Taxi - Quebec V\u00e9lo-Taxi","isPartOf":{"@id":"https:\/\/quebecvelotaxi.com\/#website"},"primaryImageOfPage":{"@id":"https:\/\/quebecvelotaxi.com\/?page_id=4293#primaryimage"},"image":{"@id":"https:\/\/quebecvelotaxi.com\/?page_id=4293#primaryimage"},"thumbnailUrl":"https:\/\/quebecvelotaxi.com\/wp-content\/uploads\/2024\/01\/IMG_2976-768x1024.jpeg","datePublished":"2024-01-28T18:20:14+00:00","dateModified":"2024-02-06T22:44:10+00:00","breadcrumb":{"@id":"https:\/\/quebecvelotaxi.com\/?page_id=4293#breadcrumb"},"inLanguage":"en-US","potentialAction":[{"@type":"ReadAction","target":["https:\/\/quebecvelotaxi.com\/?page_id=4293"]}]},{"@type":"ImageObject","inLanguage":"en-US","@id":"https:\/\/quebecvelotaxi.com\/?page_id=4293#primaryimage","url":"https:\/\/quebecvelotaxi.com\/wp-content\/uploads\/2024\/01\/IMG_2976.jpeg","contentUrl":"https:\/\/quebecvelotaxi.com\/wp-content\/uploads\/2024\/01\/IMG_2976.jpeg","width":1536,"height":2048},{"@type":"BreadcrumbList","@id":"https:\/\/quebecvelotaxi.com\/?page_id=4293#breadcrumb","itemListElement":[{"@type":"ListItem","position":1,"name":"Home","item":"https:\/\/quebecvelotaxi.com\/"},{"@type":"ListItem","position":2,"name":"\u00c9co-Taxi"}]},{"@type":"WebSite","@id":"https:\/\/quebecvelotaxi.com\/#website","url":"https:\/\/quebecvelotaxi.com\/","name":"Quebec V\u00e9lo-Taxi","description":"D\u00e9couvrez les myst\u00e8res de la Basse-Ville de Qu\u00e9bec","publisher":{"@id":"https:\/\/quebecvelotaxi.com\/#organization"},"potentialAction":[{"@type":"SearchAction","target":{"@type":"EntryPoint","urlTemplate":"https:\/\/quebecvelotaxi.com\/?s={search_term_string}"},"query-input":{"@type":"PropertyValueSpecification","valueRequired":true,"valueName":"search_term_string"}}],"inLanguage":"en-US"},{"@type":"Organization","@id":"https:\/\/quebecvelotaxi.com\/#organization","name":"Quebec V\u00e9lo-Taxi","url":"https:\/\/quebecvelotaxi.com\/","logo":{"@type":"ImageObject","inLanguage":"en-US","@id":"https:\/\/quebecvelotaxi.com\/#\/schema\/logo\/image\/","url":"https:\/\/quebecvelotaxi.com\/wp-content\/uploads\/2024\/02\/1-Quebec-Velo-Taxi-version-finale.jpg","contentUrl":"https:\/\/quebecvelotaxi.com\/wp-content\/uploads\/2024\/02\/1-Quebec-Velo-Taxi-version-finale.jpg","width":1265,"height":1265,"caption":"Quebec V\u00e9lo-Taxi"},"image":{"@id":"https:\/\/quebecvelotaxi.com\/#\/schema\/logo\/image\/"},"sameAs":["https:\/\/www.facebook.com\/QVTaxi","https:\/\/x.com\/qvtaxi","https:\/\/www.linkedin.com\/in\/gilbert-garcia-a1b1714a\/"]}]}},"_links":{"self":[{"href":"https:\/\/quebecvelotaxi.com\/index.php?rest_route=\/wp\/v2\/pages\/4293","targetHints":{"allow":["GET"]}}],"collection":[{"href":"https:\/\/quebecvelotaxi.com\/index.php?rest_route=\/wp\/v2\/pages"}],"about":[{"href":"https:\/\/quebecvelotaxi.com\/index.php?rest_route=\/wp\/v2\/types\/page"}],"author":[{"embeddable":true,"href":"https:\/\/quebecvelotaxi.com\/index.php?rest_route=\/wp\/v2\/users\/1"}],"replies":[{"embeddable":true,"href":"https:\/\/quebecvelotaxi.com\/index.php?rest_route=%2Fwp%2Fv2%2Fcomments&post=4293"}],"version-history":[{"count":94,"href":"https:\/\/quebecvelotaxi.com\/index.php?rest_route=\/wp\/v2\/pages\/4293\/revisions"}],"predecessor-version":[{"id":4714,"href":"https:\/\/quebecvelotaxi.com\/index.php?rest_route=\/wp\/v2\/pages\/4293\/revisions\/4714"}],"wp:attachment":[{"href":"https:\/\/quebecvelotaxi.com\/index.php?rest_route=%2Fwp%2Fv2%2Fmedia&parent=4293"}],"curies":[{"name":"wp","href":"https:\/\/api.w.org\/{rel}","templated":true}]}}