{"id":85,"date":"2023-04-19T21:53:47","date_gmt":"2023-04-19T21:53:47","guid":{"rendered":"https:\/\/quebecvelotaxi.com\/?page_id=85"},"modified":"2024-02-08T00:01:11","modified_gmt":"2024-02-08T00:01:11","slug":"contact","status":"publish","type":"page","link":"https:\/\/quebecvelotaxi.com\/?page_id=85","title":{"rendered":"Contact"},"content":{"rendered":"\t\t<div data-elementor-type=\"wp-page\" data-elementor-id=\"85\" class=\"elementor elementor-85\">\n\t\t\t\t\t\t<section class=\"elementor-section elementor-top-section elementor-element elementor-element-ef158bb elementor-section-boxed elementor-section-height-default elementor-section-height-default\" data-id=\"ef158bb\" data-element_type=\"section\" data-e-type=\"section\">\n\t\t\t\t\t\t<div class=\"elementor-container elementor-column-gap-default\">\n\t\t\t\t\t<div class=\"elementor-column elementor-col-100 elementor-top-column elementor-element elementor-element-f30aa7a\" data-id=\"f30aa7a\" data-element_type=\"column\" data-e-type=\"column\">\n\t\t\t<div class=\"elementor-widget-wrap elementor-element-populated\">\n\t\t\t\t\t\t<div class=\"elementor-element elementor-element-66520e2 elementor-widget elementor-widget-text-editor\" data-id=\"66520e2\" data-element_type=\"widget\" data-e-type=\"widget\" data-widget_type=\"text-editor.default\">\n\t\t\t\t<div class=\"elementor-widget-container\">\n\t\t\t\t\t\t\t\t\t<h1 style=\"text-align: center;\">Vous avez choisi. \u00c9crivez-moi pour r\u00e9server.<\/h1>\t\t\t\t\t\t\t\t<\/div>\n\t\t\t\t<\/div>\n\t\t\t\t<div class=\"elementor-element elementor-element-15a570e elementor-widget elementor-widget-wpforms\" data-id=\"15a570e\" data-element_type=\"widget\" data-e-type=\"widget\" data-widget_type=\"wpforms.default\">\n\t\t\t\t<div class=\"elementor-widget-container\">\n\t\t\t\t\t<div class=\"wpforms-container wpforms-container-full wpforms-render-modern\" id=\"wpforms-486\"><form id=\"wpforms-form-486\" class=\"wpforms-validate wpforms-form wpforms-ajax-form\" data-formid=\"486\" method=\"post\" enctype=\"multipart\/form-data\" action=\"\/index.php?rest_route=%2Fwp%2Fv2%2Fpages%2F85\" data-token=\"087f66b07e42498c223084c6d7f7816a\" data-token-time=\"1778414110\"><noscript class=\"wpforms-error-noscript\">Please enable JavaScript in your browser to complete this form.<\/noscript><div id=\"wpforms-error-noscript\" style=\"display: none;\">Please enable JavaScript in your browser to complete this form.<\/div><div class=\"wpforms-field-container\"><div id=\"wpforms-486-field_0-container\" class=\"wpforms-field wpforms-field-name\" data-field-id=\"0\"><fieldset><legend class=\"wpforms-field-label\">Name <span class=\"wpforms-required-label\" aria-hidden=\"true\">*<\/span><\/legend><div class=\"wpforms-field-row wpforms-field-medium\"><div class=\"wpforms-field-row-block wpforms-first wpforms-one-half\"><input type=\"text\" id=\"wpforms-486-field_0\" class=\"wpforms-field-name-first wpforms-field-required\" name=\"wpforms[fields][0][first]\" aria-errormessage=\"wpforms-486-field_0-error\" required><label for=\"wpforms-486-field_0\" class=\"wpforms-field-sublabel after\">First<\/label><\/div><div class=\"wpforms-field-row-block wpforms-one-half\"><input type=\"text\" id=\"wpforms-486-field_0-last\" class=\"wpforms-field-name-last wpforms-field-required\" name=\"wpforms[fields][0][last]\" aria-errormessage=\"wpforms-486-field_0-last-error\" required><label for=\"wpforms-486-field_0-last\" class=\"wpforms-field-sublabel after\">Last<\/label><\/div><\/div><\/fieldset><\/div><div id=\"wpforms-486-field_1-container\" class=\"wpforms-field wpforms-field-email\" data-field-id=\"1\"><label class=\"wpforms-field-label\" for=\"wpforms-486-field_1\">Email <span class=\"wpforms-required-label\" aria-hidden=\"true\">*<\/span><\/label><input type=\"email\" id=\"wpforms-486-field_1\" class=\"wpforms-field-medium wpforms-field-required\" name=\"wpforms[fields][1]\" spellcheck=\"false\" aria-errormessage=\"wpforms-486-field_1-error\" required><\/div><div id=\"wpforms-486-field_3-container\" class=\"wpforms-field wpforms-field-number\" data-field-id=\"3\"><label class=\"wpforms-field-label\" for=\"wpforms-486-field_3\">Numbers<\/label><input type=\"number\" id=\"wpforms-486-field_3\" class=\"wpforms-field-medium\" name=\"wpforms[fields][3]\" step=\"any\" aria-errormessage=\"wpforms-486-field_3-error\" ><\/div><div id=\"wpforms-486-field_2-container\" class=\"wpforms-field wpforms-field-textarea\" data-field-id=\"2\"><label class=\"wpforms-field-label\" for=\"wpforms-486-field_2\">Comment or Message<\/label><textarea id=\"wpforms-486-field_2\" class=\"wpforms-field-medium\" name=\"wpforms[fields][2]\" aria-errormessage=\"wpforms-486-field_2-error\" ><\/textarea><\/div><\/div><!-- .wpforms-field-container --><div class=\"wpforms-submit-container\" ><input type=\"hidden\" name=\"wpforms[id]\" value=\"486\"><input type=\"hidden\" name=\"page_title\" value=\"\"><input type=\"hidden\" name=\"page_url\" value=\"https:\/\/quebecvelotaxi.com\/index.php?rest_route=\/wp\/v2\/pages\/85\"><input type=\"hidden\" name=\"url_referer\" value=\"\"><button type=\"submit\" name=\"wpforms[submit]\" id=\"wpforms-submit-486\" class=\"wpforms-submit\" data-alt-text=\"Sending...\" data-submit-text=\"Submit\" aria-live=\"assertive\" value=\"wpforms-submit\">Submit<\/button><img decoding=\"async\" src=\"https:\/\/quebecvelotaxi.com\/wp-content\/plugins\/wpforms-lite\/assets\/images\/submit-spin.svg\" class=\"wpforms-submit-spinner\" style=\"display: none;\" width=\"26\" height=\"26\" alt=\"Loading\"><\/div><\/form><\/div>  <!-- .wpforms-container -->\t\t\t\t<\/div>\n\t\t\t\t<\/div>\n\t\t\t\t\t<\/div>\n\t\t<\/div>\n\t\t\t\t\t<\/div>\n\t\t<\/section>\n\t\t\t\t<section class=\"elementor-section elementor-top-section elementor-element elementor-element-abbd2c9 elementor-section-boxed elementor-section-height-default elementor-section-height-default\" data-id=\"abbd2c9\" data-element_type=\"section\" data-e-type=\"section\">\n\t\t\t\t\t\t<div class=\"elementor-container elementor-column-gap-default\">\n\t\t\t\t\t<div class=\"elementor-column elementor-col-33 elementor-top-column elementor-element elementor-element-10a8b50\" data-id=\"10a8b50\" data-element_type=\"column\" data-e-type=\"column\">\n\t\t\t<div class=\"elementor-widget-wrap elementor-element-populated\">\n\t\t\t\t\t\t<div class=\"elementor-element elementor-element-d8f6226 elementor-widget elementor-widget-heading\" data-id=\"d8f6226\" data-element_type=\"widget\" data-e-type=\"widget\" data-widget_type=\"heading.default\">\n\t\t\t\t<div class=\"elementor-widget-container\">\n\t\t\t\t\t<h2 class=\"elementor-heading-title elementor-size-default\">\u00c0 propos<\/h2>\t\t\t\t<\/div>\n\t\t\t\t<\/div>\n\t\t\t\t<div class=\"elementor-element elementor-element-4bc4914 elementor-widget elementor-widget-image\" data-id=\"4bc4914\" data-element_type=\"widget\" data-e-type=\"widget\" data-widget_type=\"image.default\">\n\t\t\t\t<div class=\"elementor-widget-container\">\n\t\t\t\t\t\t\t\t\t\t\t\t\t\t\t<img fetchpriority=\"high\" decoding=\"async\" width=\"800\" height=\"600\" src=\"https:\/\/quebecvelotaxi.com\/wp-content\/uploads\/2023\/06\/2022-rsz_contact.jpg\" class=\"attachment-large size-large wp-image-1070\" alt=\"\" srcset=\"https:\/\/quebecvelotaxi.com\/wp-content\/uploads\/2023\/06\/2022-rsz_contact.jpg 1024w, https:\/\/quebecvelotaxi.com\/wp-content\/uploads\/2023\/06\/2022-rsz_contact-300x225.jpg 300w, https:\/\/quebecvelotaxi.com\/wp-content\/uploads\/2023\/06\/2022-rsz_contact-768x576.jpg 768w\" sizes=\"(max-width: 800px) 100vw, 800px\" \/>\t\t\t\t\t\t\t\t\t\t\t\t\t\t\t<\/div>\n\t\t\t\t<\/div>\n\t\t\t\t\t<\/div>\n\t\t<\/div>\n\t\t\t\t<div class=\"elementor-column elementor-col-33 elementor-top-column elementor-element elementor-element-f279f37\" data-id=\"f279f37\" data-element_type=\"column\" data-e-type=\"column\">\n\t\t\t<div class=\"elementor-widget-wrap elementor-element-populated\">\n\t\t\t\t\t\t<div class=\"elementor-element elementor-element-c7dfce0 elementor-widget elementor-widget-heading\" data-id=\"c7dfce0\" data-element_type=\"widget\" data-e-type=\"widget\" data-widget_type=\"heading.default\">\n\t\t\t\t<div class=\"elementor-widget-container\">\n\t\t\t\t\t<h2 class=\"elementor-heading-title elementor-size-default\">FAQ<\/h2>\t\t\t\t<\/div>\n\t\t\t\t<\/div>\n\t\t\t\t<div class=\"elementor-element elementor-element-961a0c4 elementor-widget elementor-widget-image\" data-id=\"961a0c4\" data-element_type=\"widget\" data-e-type=\"widget\" data-widget_type=\"image.default\">\n\t\t\t\t<div class=\"elementor-widget-container\">\n\t\t\t\t\t\t\t\t\t\t\t\t\t\t\t<img decoding=\"async\" width=\"768\" height=\"1024\" src=\"https:\/\/quebecvelotaxi.com\/wp-content\/uploads\/2024\/01\/Limoilou-768x1024.jpg\" class=\"attachment-large size-large wp-image-3117\" alt=\"\" srcset=\"https:\/\/quebecvelotaxi.com\/wp-content\/uploads\/2024\/01\/Limoilou-768x1024.jpg 768w, https:\/\/quebecvelotaxi.com\/wp-content\/uploads\/2024\/01\/Limoilou-225x300.jpg 225w, https:\/\/quebecvelotaxi.com\/wp-content\/uploads\/2024\/01\/Limoilou.jpg 810w\" sizes=\"(max-width: 768px) 100vw, 768px\" \/>\t\t\t\t\t\t\t\t\t\t\t\t\t\t\t<\/div>\n\t\t\t\t<\/div>\n\t\t\t\t\t<\/div>\n\t\t<\/div>\n\t\t\t\t<div class=\"elementor-column elementor-col-33 elementor-top-column elementor-element elementor-element-2be78ad\" data-id=\"2be78ad\" data-element_type=\"column\" data-e-type=\"column\">\n\t\t\t<div class=\"elementor-widget-wrap elementor-element-populated\">\n\t\t\t\t\t\t<div class=\"elementor-element elementor-element-bf69dfa elementor-widget elementor-widget-heading\" data-id=\"bf69dfa\" data-element_type=\"widget\" data-e-type=\"widget\" data-widget_type=\"heading.default\">\n\t\t\t\t<div class=\"elementor-widget-container\">\n\t\t\t\t\t<h2 class=\"elementor-heading-title elementor-size-default\">Blog<\/h2>\t\t\t\t<\/div>\n\t\t\t\t<\/div>\n\t\t\t\t<div class=\"elementor-element elementor-element-9297a41 elementor-widget elementor-widget-image\" data-id=\"9297a41\" data-element_type=\"widget\" data-e-type=\"widget\" data-widget_type=\"image.default\">\n\t\t\t\t<div class=\"elementor-widget-container\">\n\t\t\t\t\t\t\t\t\t\t\t\t\t\t\t<img loading=\"lazy\" decoding=\"async\" width=\"768\" height=\"1024\" src=\"https:\/\/quebecvelotaxi.com\/wp-content\/uploads\/2024\/01\/5.1-Terre-a-Bedard-768x1024.jpg\" class=\"attachment-large size-large wp-image-3106\" alt=\"\" srcset=\"https:\/\/quebecvelotaxi.com\/wp-content\/uploads\/2024\/01\/5.1-Terre-a-Bedard-768x1024.jpg 768w, https:\/\/quebecvelotaxi.com\/wp-content\/uploads\/2024\/01\/5.1-Terre-a-Bedard-225x300.jpg 225w, https:\/\/quebecvelotaxi.com\/wp-content\/uploads\/2024\/01\/5.1-Terre-a-Bedard.jpg 1080w\" sizes=\"(max-width: 768px) 100vw, 768px\" \/>\t\t\t\t\t\t\t\t\t\t\t\t\t\t\t<\/div>\n\t\t\t\t<\/div>\n\t\t\t\t\t<\/div>\n\t\t<\/div>\n\t\t\t\t\t<\/div>\n\t\t<\/section>\n\t\t\t\t<\/div>\n\t\t","protected":false},"excerpt":{"rendered":"<p>Vous avez choisi. \u00c9crivez-moi pour r\u00e9server. Please enable JavaScript in your browser to complete this form.Please enable JavaScript in your browser to complete this form. Name * FirstLast Email *NumbersComment or Message Submit \u00c0 propos FAQ Blog<\/p>\n","protected":false},"author":1,"featured_media":0,"parent":0,"menu_order":0,"comment_status":"closed","ping_status":"closed","template":"","meta":{"footnotes":""},"class_list":["post-85","page","type-page","status-publish","hentry"],"yoast_head":"<!-- This site is optimized with the Yoast SEO plugin v27.5 - https:\/\/yoast.com\/product\/yoast-seo-wordpress\/ -->\n<title>Contact - Quebec V\u00e9lo-Taxi<\/title>\n<meta name=\"robots\" content=\"index, follow, max-snippet:-1, max-image-preview:large, max-video-preview:-1\" \/>\n<link rel=\"canonical\" href=\"https:\/\/quebecvelotaxi.com\/?page_id=85\" \/>\n<meta property=\"og:locale\" content=\"en_US\" \/>\n<meta property=\"og:type\" content=\"article\" \/>\n<meta property=\"og:title\" content=\"Contact - Quebec V\u00e9lo-Taxi\" \/>\n<meta property=\"og:description\" content=\"Vous avez choisi. \u00c9crivez-moi pour r\u00e9server. Please enable JavaScript in your browser to complete this form.Please enable JavaScript in your browser to complete this form. Name * FirstLast Email *NumbersComment or Message Submit \u00c0 propos FAQ Blog\" \/>\n<meta property=\"og:url\" content=\"https:\/\/quebecvelotaxi.com\/?page_id=85\" \/>\n<meta property=\"og:site_name\" content=\"Quebec V\u00e9lo-Taxi\" \/>\n<meta property=\"article:publisher\" content=\"https:\/\/www.facebook.com\/QVTaxi\" \/>\n<meta property=\"article:modified_time\" content=\"2024-02-08T00:01:11+00:00\" \/>\n<meta property=\"og:image\" content=\"https:\/\/quebecvelotaxi.com\/wp-content\/plugins\/wpforms-lite\/assets\/images\/submit-spin.svg\" \/>\n<meta name=\"twitter:card\" content=\"summary_large_image\" \/>\n<meta name=\"twitter:site\" content=\"@qvtaxi\" \/>\n<script type=\"application\/ld+json\" class=\"yoast-schema-graph\">{\"@context\":\"https:\\\/\\\/schema.org\",\"@graph\":[{\"@type\":\"WebPage\",\"@id\":\"https:\\\/\\\/quebecvelotaxi.com\\\/?page_id=85\",\"url\":\"https:\\\/\\\/quebecvelotaxi.com\\\/?page_id=85\",\"name\":\"Contact - Quebec V\u00e9lo-Taxi\",\"isPartOf\":{\"@id\":\"https:\\\/\\\/quebecvelotaxi.com\\\/#website\"},\"primaryImageOfPage\":{\"@id\":\"https:\\\/\\\/quebecvelotaxi.com\\\/?page_id=85#primaryimage\"},\"image\":{\"@id\":\"https:\\\/\\\/quebecvelotaxi.com\\\/?page_id=85#primaryimage\"},\"thumbnailUrl\":\"https:\\\/\\\/quebecvelotaxi.com\\\/wp-content\\\/plugins\\\/wpforms-lite\\\/assets\\\/images\\\/submit-spin.svg\",\"datePublished\":\"2023-04-19T21:53:47+00:00\",\"dateModified\":\"2024-02-08T00:01:11+00:00\",\"breadcrumb\":{\"@id\":\"https:\\\/\\\/quebecvelotaxi.com\\\/?page_id=85#breadcrumb\"},\"inLanguage\":\"en-US\",\"potentialAction\":[{\"@type\":\"ReadAction\",\"target\":[\"https:\\\/\\\/quebecvelotaxi.com\\\/?page_id=85\"]}]},{\"@type\":\"ImageObject\",\"inLanguage\":\"en-US\",\"@id\":\"https:\\\/\\\/quebecvelotaxi.com\\\/?page_id=85#primaryimage\",\"url\":\"https:\\\/\\\/quebecvelotaxi.com\\\/wp-content\\\/plugins\\\/wpforms-lite\\\/assets\\\/images\\\/submit-spin.svg\",\"contentUrl\":\"https:\\\/\\\/quebecvelotaxi.com\\\/wp-content\\\/plugins\\\/wpforms-lite\\\/assets\\\/images\\\/submit-spin.svg\"},{\"@type\":\"BreadcrumbList\",\"@id\":\"https:\\\/\\\/quebecvelotaxi.com\\\/?page_id=85#breadcrumb\",\"itemListElement\":[{\"@type\":\"ListItem\",\"position\":1,\"name\":\"Home\",\"item\":\"https:\\\/\\\/quebecvelotaxi.com\\\/\"},{\"@type\":\"ListItem\",\"position\":2,\"name\":\"Contact\"}]},{\"@type\":\"WebSite\",\"@id\":\"https:\\\/\\\/quebecvelotaxi.com\\\/#website\",\"url\":\"https:\\\/\\\/quebecvelotaxi.com\\\/\",\"name\":\"Quebec V\u00e9lo-Taxi\",\"description\":\"D\u00e9couvrez les myst\u00e8res de la Basse-Ville de Qu\u00e9bec\",\"publisher\":{\"@id\":\"https:\\\/\\\/quebecvelotaxi.com\\\/#organization\"},\"potentialAction\":[{\"@type\":\"SearchAction\",\"target\":{\"@type\":\"EntryPoint\",\"urlTemplate\":\"https:\\\/\\\/quebecvelotaxi.com\\\/?s={search_term_string}\"},\"query-input\":{\"@type\":\"PropertyValueSpecification\",\"valueRequired\":true,\"valueName\":\"search_term_string\"}}],\"inLanguage\":\"en-US\"},{\"@type\":\"Organization\",\"@id\":\"https:\\\/\\\/quebecvelotaxi.com\\\/#organization\",\"name\":\"Quebec V\u00e9lo-Taxi\",\"url\":\"https:\\\/\\\/quebecvelotaxi.com\\\/\",\"logo\":{\"@type\":\"ImageObject\",\"inLanguage\":\"en-US\",\"@id\":\"https:\\\/\\\/quebecvelotaxi.com\\\/#\\\/schema\\\/logo\\\/image\\\/\",\"url\":\"https:\\\/\\\/quebecvelotaxi.com\\\/wp-content\\\/uploads\\\/2024\\\/02\\\/1-Quebec-Velo-Taxi-version-finale.jpg\",\"contentUrl\":\"https:\\\/\\\/quebecvelotaxi.com\\\/wp-content\\\/uploads\\\/2024\\\/02\\\/1-Quebec-Velo-Taxi-version-finale.jpg\",\"width\":1265,\"height\":1265,\"caption\":\"Quebec V\u00e9lo-Taxi\"},\"image\":{\"@id\":\"https:\\\/\\\/quebecvelotaxi.com\\\/#\\\/schema\\\/logo\\\/image\\\/\"},\"sameAs\":[\"https:\\\/\\\/www.facebook.com\\\/QVTaxi\",\"https:\\\/\\\/x.com\\\/qvtaxi\",\"https:\\\/\\\/www.linkedin.com\\\/in\\\/gilbert-garcia-a1b1714a\\\/\"]}]}<\/script>\n<!-- \/ Yoast SEO plugin. -->","yoast_head_json":{"title":"Contact - Quebec V\u00e9lo-Taxi","robots":{"index":"index","follow":"follow","max-snippet":"max-snippet:-1","max-image-preview":"max-image-preview:large","max-video-preview":"max-video-preview:-1"},"canonical":"https:\/\/quebecvelotaxi.com\/?page_id=85","og_locale":"en_US","og_type":"article","og_title":"Contact - Quebec V\u00e9lo-Taxi","og_description":"Vous avez choisi. \u00c9crivez-moi pour r\u00e9server. Please enable JavaScript in your browser to complete this form.Please enable JavaScript in your browser to complete this form. Name * FirstLast Email *NumbersComment or Message Submit \u00c0 propos FAQ Blog","og_url":"https:\/\/quebecvelotaxi.com\/?page_id=85","og_site_name":"Quebec V\u00e9lo-Taxi","article_publisher":"https:\/\/www.facebook.com\/QVTaxi","article_modified_time":"2024-02-08T00:01:11+00:00","og_image":[{"url":"https:\/\/quebecvelotaxi.com\/wp-content\/plugins\/wpforms-lite\/assets\/images\/submit-spin.svg","type":"","width":"","height":""}],"twitter_card":"summary_large_image","twitter_site":"@qvtaxi","schema":{"@context":"https:\/\/schema.org","@graph":[{"@type":"WebPage","@id":"https:\/\/quebecvelotaxi.com\/?page_id=85","url":"https:\/\/quebecvelotaxi.com\/?page_id=85","name":"Contact - Quebec V\u00e9lo-Taxi","isPartOf":{"@id":"https:\/\/quebecvelotaxi.com\/#website"},"primaryImageOfPage":{"@id":"https:\/\/quebecvelotaxi.com\/?page_id=85#primaryimage"},"image":{"@id":"https:\/\/quebecvelotaxi.com\/?page_id=85#primaryimage"},"thumbnailUrl":"https:\/\/quebecvelotaxi.com\/wp-content\/plugins\/wpforms-lite\/assets\/images\/submit-spin.svg","datePublished":"2023-04-19T21:53:47+00:00","dateModified":"2024-02-08T00:01:11+00:00","breadcrumb":{"@id":"https:\/\/quebecvelotaxi.com\/?page_id=85#breadcrumb"},"inLanguage":"en-US","potentialAction":[{"@type":"ReadAction","target":["https:\/\/quebecvelotaxi.com\/?page_id=85"]}]},{"@type":"ImageObject","inLanguage":"en-US","@id":"https:\/\/quebecvelotaxi.com\/?page_id=85#primaryimage","url":"https:\/\/quebecvelotaxi.com\/wp-content\/plugins\/wpforms-lite\/assets\/images\/submit-spin.svg","contentUrl":"https:\/\/quebecvelotaxi.com\/wp-content\/plugins\/wpforms-lite\/assets\/images\/submit-spin.svg"},{"@type":"BreadcrumbList","@id":"https:\/\/quebecvelotaxi.com\/?page_id=85#breadcrumb","itemListElement":[{"@type":"ListItem","position":1,"name":"Home","item":"https:\/\/quebecvelotaxi.com\/"},{"@type":"ListItem","position":2,"name":"Contact"}]},{"@type":"WebSite","@id":"https:\/\/quebecvelotaxi.com\/#website","url":"https:\/\/quebecvelotaxi.com\/","name":"Quebec V\u00e9lo-Taxi","description":"D\u00e9couvrez les myst\u00e8res de la Basse-Ville de Qu\u00e9bec","publisher":{"@id":"https:\/\/quebecvelotaxi.com\/#organization"},"potentialAction":[{"@type":"SearchAction","target":{"@type":"EntryPoint","urlTemplate":"https:\/\/quebecvelotaxi.com\/?s={search_term_string}"},"query-input":{"@type":"PropertyValueSpecification","valueRequired":true,"valueName":"search_term_string"}}],"inLanguage":"en-US"},{"@type":"Organization","@id":"https:\/\/quebecvelotaxi.com\/#organization","name":"Quebec V\u00e9lo-Taxi","url":"https:\/\/quebecvelotaxi.com\/","logo":{"@type":"ImageObject","inLanguage":"en-US","@id":"https:\/\/quebecvelotaxi.com\/#\/schema\/logo\/image\/","url":"https:\/\/quebecvelotaxi.com\/wp-content\/uploads\/2024\/02\/1-Quebec-Velo-Taxi-version-finale.jpg","contentUrl":"https:\/\/quebecvelotaxi.com\/wp-content\/uploads\/2024\/02\/1-Quebec-Velo-Taxi-version-finale.jpg","width":1265,"height":1265,"caption":"Quebec V\u00e9lo-Taxi"},"image":{"@id":"https:\/\/quebecvelotaxi.com\/#\/schema\/logo\/image\/"},"sameAs":["https:\/\/www.facebook.com\/QVTaxi","https:\/\/x.com\/qvtaxi","https:\/\/www.linkedin.com\/in\/gilbert-garcia-a1b1714a\/"]}]}},"_links":{"self":[{"href":"https:\/\/quebecvelotaxi.com\/index.php?rest_route=\/wp\/v2\/pages\/85","targetHints":{"allow":["GET"]}}],"collection":[{"href":"https:\/\/quebecvelotaxi.com\/index.php?rest_route=\/wp\/v2\/pages"}],"about":[{"href":"https:\/\/quebecvelotaxi.com\/index.php?rest_route=\/wp\/v2\/types\/page"}],"author":[{"embeddable":true,"href":"https:\/\/quebecvelotaxi.com\/index.php?rest_route=\/wp\/v2\/users\/1"}],"replies":[{"embeddable":true,"href":"https:\/\/quebecvelotaxi.com\/index.php?rest_route=%2Fwp%2Fv2%2Fcomments&post=85"}],"version-history":[{"count":37,"href":"https:\/\/quebecvelotaxi.com\/index.php?rest_route=\/wp\/v2\/pages\/85\/revisions"}],"predecessor-version":[{"id":4768,"href":"https:\/\/quebecvelotaxi.com\/index.php?rest_route=\/wp\/v2\/pages\/85\/revisions\/4768"}],"wp:attachment":[{"href":"https:\/\/quebecvelotaxi.com\/index.php?rest_route=%2Fwp%2Fv2%2Fmedia&parent=85"}],"curies":[{"name":"wp","href":"https:\/\/api.w.org\/{rel}","templated":true}]}}